{"id":83622,"date":"2024-07-31T20:35:08","date_gmt":"2024-07-31T18:35:08","guid":{"rendered":"https:\/\/szoltandfrog.com\/producto\/sin%20categor\u00eda\/camiseta-penguin\/"},"modified":"2026-04-04T15:09:38","modified_gmt":"2026-04-04T13:09:38","slug":"camiseta-penguin","status":"publish","type":"product","link":"https:\/\/szoltandfrog.com\/ropa\/camisetas-con-bolsillo\/camiseta-penguin\/","title":{"rendered":"Camiseta Penguin"},"content":{"rendered":"<p>Talla modelo Mujer: Altura 1,68m, 93cm de busto y 75cm de cintura, espalda 38cm, talla M.<br \/>\n  Talla modelo Hombre: Altura 1,70m, 107cm de busto y 93cm de cintura, espalda 41cm, talla L. <strong><em>Edici\u00f3n limitada<\/em> <\/strong>como parte de una colecci\u00f3n de animales.<\/p>\n<p>Creada y dise\u00f1ada de una manera muy especial, la camiseta evoca la esencia y la belleza de los ping\u00fcinos.<\/p>\n<hr \/>\n<p>Camiseta con bolsillo \u2013 100% Algod\u00f3n Org\u00e1nico \u2013 Peso 170 gramos \u2013 Prenda lavada durante proceso de fabricaci\u00f3n (para evitar que encoja posteriormente)<\/p>\n","protected":false},"excerpt":{"rendered":"<p>Talla modelo Mujer: Altura 1,68m, 93cm de busto y 75cm de cintura, espalda 38cm, talla M. Talla modelo Hombre: Altura 1,70m, 107cm de busto y 93cm de cintura, espalda 41cm, talla L. Edici\u00f3n limitada como parte de una colecci\u00f3n de animales. Creada y dise\u00f1ada de una manera muy especial, la camiseta evoca la esencia y [&hellip;]<\/p>\n","protected":false},"featured_media":86658,"template":"","meta":[],"product_cat":[5303,271,661],"product_tag":[],"class_list":{"0":"post-83622","1":"product","2":"type-product","3":"status-publish","4":"has-post-thumbnail","6":"product_cat-aw24","7":"product_cat-ropa","8":"product_cat-camisetas-con-bolsillo","10":"first","11":"instock","12":"taxable","13":"shipping-taxable","14":"purchasable","15":"product-type-variable","16":"has-default-attributes","17":"wvs-archive-product-wrapper"},"_links":{"self":[{"href":"https:\/\/szoltandfrog.com\/it\/wp-json\/wp\/v2\/product\/83622","targetHints":{"allow":["GET"]}}],"collection":[{"href":"https:\/\/szoltandfrog.com\/it\/wp-json\/wp\/v2\/product"}],"about":[{"href":"https:\/\/szoltandfrog.com\/it\/wp-json\/wp\/v2\/types\/product"}],"version-history":[{"count":1,"href":"https:\/\/szoltandfrog.com\/it\/wp-json\/wp\/v2\/product\/83622\/revisions"}],"predecessor-version":[{"id":88772,"href":"https:\/\/szoltandfrog.com\/it\/wp-json\/wp\/v2\/product\/83622\/revisions\/88772"}],"wp:featuredmedia":[{"embeddable":true,"href":"https:\/\/szoltandfrog.com\/it\/wp-json\/wp\/v2\/media\/86658"}],"wp:attachment":[{"href":"https:\/\/szoltandfrog.com\/it\/wp-json\/wp\/v2\/media?parent=83622"}],"wp:term":[{"taxonomy":"product_cat","embeddable":true,"href":"https:\/\/szoltandfrog.com\/it\/wp-json\/wp\/v2\/product_cat?post=83622"},{"taxonomy":"product_tag","embeddable":true,"href":"https:\/\/szoltandfrog.com\/it\/wp-json\/wp\/v2\/product_tag?post=83622"}],"curies":[{"name":"wp","href":"https:\/\/api.w.org\/{rel}","templated":true}]}}