{"id":76958,"date":"2024-02-28T18:48:49","date_gmt":"2024-04-11T10:54:36","guid":{"rendered":"https:\/\/szoltandfrog.com\/senza-categoria\/maglietta-palawan\/"},"modified":"2024-04-11T16:10:17","modified_gmt":"2024-04-11T14:10:17","slug":"maglietta-palawan","status":"publish","type":"product","link":"https:\/\/szoltandfrog.com\/it\/ropa-it\/maglietta-palawan\/","title":{"rendered":"Maglietta Palawan"},"content":{"rendered":"<p>Acque cristalline, spiagge paradisiache, cascate e foreste enigmatiche<br \/>\ntropicale. Il sole tramonta in lontananza creando un mirabile effetto ottico.<br \/>\nPalawan non \u00e8 solo una destinazione, \u00e8 uno stato d&#8217;animo. Questa maglietta \u00e8 il<br \/>\nrappresentazione reale. Provate un assaggio di ci\u00f2 che significa essere in una<br \/>\nparadiso terrestre solo indossandolo.<\/p>\n<hr>\n<p>T-shirt con tasca &#8211; 100% cotone biologico &#8211; Peso 170 grammi &#8211; Lavaggio in capo durante il processo di produzione (per evitare restringimenti successivi)<\/p>\n","protected":false},"excerpt":{"rendered":"<p>Acque cristalline, spiagge paradisiache, cascate e foreste enigmatiche tropicale. Il sole tramonta in lontananza creando un mirabile effetto ottico. Palawan non \u00e8 solo una destinazione, \u00e8 uno stato d&#8217;animo. Questa maglietta \u00e8 il rappresentazione reale. Provate un assaggio di ci\u00f2 che significa essere in una paradiso terrestre solo indossandolo. T-shirt con tasca &#8211; 100% cotone [&hellip;]<\/p>\n","protected":false},"featured_media":80401,"template":"","meta":[],"product_cat":[4909,5163,5301],"product_tag":[],"class_list":{"0":"post-76958","1":"product","2":"type-product","3":"status-publish","4":"has-post-thumbnail","6":"product_cat-ropa-it","7":"product_cat-magliette-tascabili","8":"product_cat-ss24-it","10":"first","11":"instock","12":"taxable","13":"shipping-taxable","14":"purchasable","15":"product-type-variable","16":"has-default-attributes","17":"wvs-archive-product-wrapper"},"_links":{"self":[{"href":"https:\/\/szoltandfrog.com\/it\/wp-json\/wp\/v2\/product\/76958","targetHints":{"allow":["GET"]}}],"collection":[{"href":"https:\/\/szoltandfrog.com\/it\/wp-json\/wp\/v2\/product"}],"about":[{"href":"https:\/\/szoltandfrog.com\/it\/wp-json\/wp\/v2\/types\/product"}],"version-history":[{"count":0,"href":"https:\/\/szoltandfrog.com\/it\/wp-json\/wp\/v2\/product\/76958\/revisions"}],"wp:featuredmedia":[{"embeddable":true,"href":"https:\/\/szoltandfrog.com\/it\/wp-json\/wp\/v2\/media\/80401"}],"wp:attachment":[{"href":"https:\/\/szoltandfrog.com\/it\/wp-json\/wp\/v2\/media?parent=76958"}],"wp:term":[{"taxonomy":"product_cat","embeddable":true,"href":"https:\/\/szoltandfrog.com\/it\/wp-json\/wp\/v2\/product_cat?post=76958"},{"taxonomy":"product_tag","embeddable":true,"href":"https:\/\/szoltandfrog.com\/it\/wp-json\/wp\/v2\/product_tag?post=76958"}],"curies":[{"name":"wp","href":"https:\/\/api.w.org\/{rel}","templated":true}]}}