{"id":71533,"date":"2021-05-20T22:38:34","date_gmt":"2024-01-08T15:53:07","guid":{"rendered":"https:\/\/szoltandfrog.com\/tienda\/senza-categoria\/felpa-hesse-per-bambini\/"},"modified":"2024-02-02T18:12:19","modified_gmt":"2024-02-02T17:12:19","slug":"felpa-hesse-per-bambini","status":"publish","type":"product","link":"https:\/\/szoltandfrog.com\/it\/ropa-it\/sudadera-it\/felpa-hesse-per-bambini\/","title":{"rendered":"Felpa Hesse per bambini"},"content":{"rendered":"","protected":false},"excerpt":{"rendered":"<p>Molti di voi lo chiedevano a gran voce, magliette e felpe per accompagnare i bambini.<\/p>\n<p>Benvenuti nella prima collezione Sz\u00f6lt &amp; Frog Kids per i pi\u00f9 piccoli della famiglia.<\/p>\n<p>Con tutta l&#8217;identit\u00e0 dei nostri pi\u00f9 grandi successi, ma adattata ai pi\u00f9 piccoli e con il nostro nuovo logo Kids.<\/p>\n<p>La felpa Hesse Kids, proprio come la sorella maggiore <strong><br \/>\n  <u><br \/>\n    <a href=\"https:\/\/szoltandfrog.com\/comprar\/sudadera-hesse\/\">Assia<\/a><br \/>\n  <\/u><br \/>\n<\/strong>\u00e8 realizzata con una combinazione di 75% cotone premium e 25% poliestere (310 gr) e tasche in tessuti provenienti da tutto il mondo con il nostro logo ricamato sul petto.<\/p>\n<p>Poich\u00e9 sappiamo che spesso \u00e8 difficile trovare la taglia giusta per i pi\u00f9 piccoli, abbiamo lasciato una guida alle taglie per voi qui <strong><u><a href=\"https:\/\/szoltandfrog.com\/guia-de-tallas\/\">qui<\/a><\/u> <\/strong>con le misure esatte e un&#8217;approssimazione dell&#8217;altezza del bambino!<\/p>\n<p>In caso di dubbio, vi consigliamo di prendere le misure di una delle felpe che gi\u00e0 possedete e, se sbagliate o se non vi sta bene, non preoccupatevi, perch\u00e9 il primo cambio di taglia \u00e8 completamente gratuito per voi.<\/p>\n<p>In base alle normative europee sui tessuti per i minori, le taglie 4-5 e 6-7 non avranno coulisse sul cappuccio per evitare incidenti.<\/p>\n<p>Progettato in Spagna e prodotto nel vicino Portogallo!<\/p>\n","protected":false},"featured_media":80023,"template":"","meta":[],"product_cat":[4909,5187,4910,5159],"product_tag":[5188,5177,5167,5165],"class_list":{"0":"post-71533","1":"product","2":"type-product","3":"status-publish","4":"has-post-thumbnail","6":"product_cat-ropa-it","7":"product_cat-bambini","8":"product_cat-sudadera-it","9":"product_cat-uscita","10":"product_tag-bambini","11":"product_tag-felpe","12":"product_tag-tasca","13":"product_tag-unisex-it","15":"first","16":"instock","17":"taxable","18":"shipping-taxable","19":"product-type-variable","20":"wvs-archive-product-wrapper"},"_links":{"self":[{"href":"https:\/\/szoltandfrog.com\/it\/wp-json\/wp\/v2\/product\/71533","targetHints":{"allow":["GET"]}}],"collection":[{"href":"https:\/\/szoltandfrog.com\/it\/wp-json\/wp\/v2\/product"}],"about":[{"href":"https:\/\/szoltandfrog.com\/it\/wp-json\/wp\/v2\/types\/product"}],"version-history":[{"count":0,"href":"https:\/\/szoltandfrog.com\/it\/wp-json\/wp\/v2\/product\/71533\/revisions"}],"wp:featuredmedia":[{"embeddable":true,"href":"https:\/\/szoltandfrog.com\/it\/wp-json\/wp\/v2\/media\/80023"}],"wp:attachment":[{"href":"https:\/\/szoltandfrog.com\/it\/wp-json\/wp\/v2\/media?parent=71533"}],"wp:term":[{"taxonomy":"product_cat","embeddable":true,"href":"https:\/\/szoltandfrog.com\/it\/wp-json\/wp\/v2\/product_cat?post=71533"},{"taxonomy":"product_tag","embeddable":true,"href":"https:\/\/szoltandfrog.com\/it\/wp-json\/wp\/v2\/product_tag?post=71533"}],"curies":[{"name":"wp","href":"https:\/\/api.w.org\/{rel}","templated":true}]}}