{"id":71515,"date":"2021-05-20T22:57:19","date_gmt":"2024-01-08T15:52:46","guid":{"rendered":"https:\/\/szoltandfrog.com\/tienda\/senza-categoria\/maglietta-rugen-per-bambini\/"},"modified":"2024-02-02T18:16:44","modified_gmt":"2024-02-02T17:16:44","slug":"maglietta-rugen-per-bambini","status":"publish","type":"product","link":"https:\/\/szoltandfrog.com\/it\/ropa-it\/bambini\/maglietta-rugen-per-bambini\/","title":{"rendered":"Maglietta Rugen per bambini"},"content":{"rendered":"","protected":false},"excerpt":{"rendered":"<p>Molti di voi lo chiedevano a gran voce, magliette e felpe per accompagnare i bambini.<\/p>\n<p>Benvenuti nella prima collezione Sz\u00f6lt &amp; Frog Kids per i pi\u00f9 piccoli della famiglia.<\/p>\n<p>Con tutta l&#8217;identit\u00e0 dei nostri pi\u00f9 grandi successi in 100% cotone biologico, ma adattati ai pi\u00f9 piccoli e con il nostro nuovo logo Kids.<\/p>\n<p>La T-shirt Rugen Kids, proprio come la sorella maggiore <strong><br \/>\n  <u><br \/>\n    <a href=\"https:\/\/szoltandfrog.com\/comprar\/camiseta-rugen\/\">Rugen<\/a><br \/>\n  <\/u><br \/>\n<\/strong>La T-shirt Rugen Kids, come la sua sorella maggiore, \u00e8 realizzata in 100% cotone biologico da 170 grammi con una tasca in tessuto etnico a righe nei toni del verde e il nostro logo ricamato sul petto.<\/p>\n<p>Poich\u00e9 sappiamo che spesso \u00e8 difficile trovare la taglia giusta per i pi\u00f9 piccoli, abbiamo lasciato una guida alle taglie per voi qui <strong><u><a href=\"https:\/\/szoltandfrog.com\/guia-de-tallas\/\">qui<\/a><\/u> <\/strong>con le misure esatte e un&#8217;approssimazione dell&#8217;altezza del bambino!<\/p>\n<p>In caso di dubbio, vi consigliamo di prendere le misure di una delle magliette che gi\u00e0 possedete e, se sbagliate o se non vi sta bene, non preoccupatevi: il primo cambio di taglia \u00e8 completamente gratuito per voi.<\/p>\n<p>Progettato in Spagna e prodotto nel vicino Portogallo!<\/p>\n","protected":false},"featured_media":63662,"template":"","meta":[],"product_cat":[4909,5187,5159],"product_tag":[5188,5166,5167,5165],"class_list":{"0":"post-71515","1":"product","2":"type-product","3":"status-publish","4":"has-post-thumbnail","6":"product_cat-ropa-it","7":"product_cat-bambini","8":"product_cat-uscita","9":"product_tag-bambini","10":"product_tag-magliette","11":"product_tag-tasca","12":"product_tag-unisex-it","14":"first","15":"outofstock","16":"taxable","17":"shipping-taxable","18":"product-type-variable","19":"wvs-archive-product-wrapper"},"_links":{"self":[{"href":"https:\/\/szoltandfrog.com\/it\/wp-json\/wp\/v2\/product\/71515","targetHints":{"allow":["GET"]}}],"collection":[{"href":"https:\/\/szoltandfrog.com\/it\/wp-json\/wp\/v2\/product"}],"about":[{"href":"https:\/\/szoltandfrog.com\/it\/wp-json\/wp\/v2\/types\/product"}],"version-history":[{"count":0,"href":"https:\/\/szoltandfrog.com\/it\/wp-json\/wp\/v2\/product\/71515\/revisions"}],"wp:featuredmedia":[{"embeddable":true,"href":"https:\/\/szoltandfrog.com\/it\/wp-json\/wp\/v2\/media\/63662"}],"wp:attachment":[{"href":"https:\/\/szoltandfrog.com\/it\/wp-json\/wp\/v2\/media?parent=71515"}],"wp:term":[{"taxonomy":"product_cat","embeddable":true,"href":"https:\/\/szoltandfrog.com\/it\/wp-json\/wp\/v2\/product_cat?post=71515"},{"taxonomy":"product_tag","embeddable":true,"href":"https:\/\/szoltandfrog.com\/it\/wp-json\/wp\/v2\/product_tag?post=71515"}],"curies":[{"name":"wp","href":"https:\/\/api.w.org\/{rel}","templated":true}]}}