{"id":90960,"date":"2026-04-29T11:12:42","date_gmt":"2026-04-29T09:12:42","guid":{"rendered":"https:\/\/szoltandfrog.com\/producto\/non class\u00e9\/t-shirt-nan\/"},"modified":"2026-04-29T11:12:42","modified_gmt":"2026-04-29T09:12:42","slug":"t-shirt-nan","status":"publish","type":"product","link":"https:\/\/szoltandfrog.com\/fr\/ropa-fr\/t-shirts-a-pochettes\/t-shirt-nan\/","title":{"rendered":"T-shirt Nan"},"content":{"rendered":"<p>C&rsquo;est avec eux que tout a commenc\u00e9 ! La nouvelle collection de nos t-shirts \u00e0 pochettes \u00e0 succ\u00e8s.<\/p>\n<p>Dans ce cas, nous avons r\u00e9\u00e9dit\u00e9 notre succ\u00e8s de 2019 avec un gris 100% coton biologique avec une pochette ray\u00e9e.<\/p>\n<p>100% coton biologique GOTS (Global Organic Textile Standard) 170 gr et poches fabriqu\u00e9es avec des tissus du monde entier.<\/p>\n<p>Cette fois-ci, nous avons voulu marquer notre empreinte plus clairement que jamais et nous avons brod\u00e9 notre signature sur chacune des poches.<\/p>\n<p>Mod\u00e8les unisexes : tout pour tous ! Coupe r\u00e9guli\u00e8re ; V\u00e9rifiez votre taille avec notre guide des tailles <a href=\"https:\/\/szoltandfrog.com\/guia-de-tallas\/\">ici<\/a>!<\/p>\n<p>Con\u00e7us en Espagne et fabriqu\u00e9s dans notre pays voisin, le Portugal !<\/p>\n","protected":false},"excerpt":{"rendered":"<p>C&rsquo;est avec eux que tout a commenc\u00e9 ! La nouvelle collection de nos t-shirts \u00e0 pochettes \u00e0 succ\u00e8s.<\/p>\n<p>Dans ce cas, nous avons r\u00e9\u00e9dit\u00e9 notre succ\u00e8s de 2019 avec un gris 100% coton biologique avec une pochette ray\u00e9e.<\/p>\n<p>100% coton biologique GOTS (Global Organic Textile Standard) 170 gr et poches fabriqu\u00e9es avec des tissus du monde entier.<\/p>\n<p>Cette fois-ci, nous avons voulu marquer notre empreinte plus clairement que jamais et nous avons brod\u00e9 notre signature sur chacune des poches.<\/p>\n<p>Mod\u00e8les unisexes : tout pour tous ! Coupe r\u00e9guli\u00e8re ; V\u00e9rifiez votre taille avec notre guide des tailles <a href=\"https:\/\/szoltandfrog.com\/guia-de-tallas\/\">ici<\/a>!<\/p>\n<p>Con\u00e7us en Espagne et fabriqu\u00e9s dans notre pays voisin, le Portugal !<\/p>\n","protected":false},"featured_media":90935,"template":"","meta":[],"product_cat":[5558,5557,4917,5179],"product_tag":[],"class_list":{"0":"post-90960","1":"product","2":"type-product","3":"status-publish","4":"has-post-thumbnail","6":"product_cat-ss26-fr","7":"product_cat-t-shirts-fr","8":"product_cat-ropa-fr","9":"product_cat-t-shirts-a-pochettes","11":"first","12":"instock","13":"featured","14":"taxable","15":"shipping-taxable","16":"purchasable","17":"product-type-variable","18":"wvs-archive-product-wrapper"},"_links":{"self":[{"href":"https:\/\/szoltandfrog.com\/fr\/wp-json\/wp\/v2\/product\/90960","targetHints":{"allow":["GET"]}}],"collection":[{"href":"https:\/\/szoltandfrog.com\/fr\/wp-json\/wp\/v2\/product"}],"about":[{"href":"https:\/\/szoltandfrog.com\/fr\/wp-json\/wp\/v2\/types\/product"}],"version-history":[{"count":0,"href":"https:\/\/szoltandfrog.com\/fr\/wp-json\/wp\/v2\/product\/90960\/revisions"}],"wp:featuredmedia":[{"embeddable":true,"href":"https:\/\/szoltandfrog.com\/fr\/wp-json\/wp\/v2\/media\/90935"}],"wp:attachment":[{"href":"https:\/\/szoltandfrog.com\/fr\/wp-json\/wp\/v2\/media?parent=90960"}],"wp:term":[{"taxonomy":"product_cat","embeddable":true,"href":"https:\/\/szoltandfrog.com\/fr\/wp-json\/wp\/v2\/product_cat?post=90960"},{"taxonomy":"product_tag","embeddable":true,"href":"https:\/\/szoltandfrog.com\/fr\/wp-json\/wp\/v2\/product_tag?post=90960"}],"curies":[{"name":"wp","href":"https:\/\/api.w.org\/{rel}","templated":true}]}}