{"id":90864,"date":"2026-03-31T10:08:44","date_gmt":"2026-03-31T08:08:44","guid":{"rendered":"https:\/\/szoltandfrog.com\/producto\/sin%20categor\u00eda\/camiseta-nan\/"},"modified":"2026-04-03T14:10:00","modified_gmt":"2026-04-03T12:10:00","slug":"camiseta-nan","status":"publish","type":"product","link":"https:\/\/szoltandfrog.com\/ropa\/camisetas\/camiseta-nan\/","title":{"rendered":"Camiseta Nan"},"content":{"rendered":"<p>Con ellas empez\u00f3 todo! La nueva colecci\u00f3n de nuestras exitosas camisetas de bolsillos.<\/p>\n<p>En este caso hemos reeditado nuestro \u00e9xito de 2019 con un algod\u00f3n 100% org\u00e1nico gris con bolsillo rayado.<\/p>\n<p>Algod\u00f3n Org\u00e1nico 100% GOTS (Global Organic Textil Standard) de 170 gr y bolsillos hechos con telas de todos los lugares del mundo.<\/p>\n<p>Esta vez hemos querido dejar nuestra marca m\u00e1s clara que nunca y hemos bordado nuestra caracter\u00edstica tienda de campa\u00f1a en cada uno de los bolsillos.<\/p>\n<p>Dise\u00f1os unisex: Todo para Todos! Corte regular fit; Comprueba tu talla con nuestra gu\u00eda de tallas <a href=\"https:\/\/szoltandfrog.com\/guia-de-tallas\/\">aqu\u00ed<\/a>!<\/p>\n<p>Dise\u00f1ada en Espa\u00f1a y fabricadas en nuestra vecina Portugal!<\/p>\n","protected":false},"excerpt":{"rendered":"<p>Con ellas empez\u00f3 todo! La nueva colecci\u00f3n de nuestras exitosas camisetas de bolsillos.<\/p>\n<p>En este caso hemos reeditado nuestro \u00e9xito de 2019 con un algod\u00f3n 100% org\u00e1nico gris con bolsillo rayado.<\/p>\n<p>Algod\u00f3n Org\u00e1nico 100% GOTS (Global Organic Textil Standard) de 170 gr y bolsillos hechos con telas de todos los lugares del mundo.<\/p>\n<p>Esta vez hemos querido dejar nuestra marca m\u00e1s clara que nunca y hemos bordado nuestra caracter\u00edstica tienda de campa\u00f1a en cada uno de los bolsillos.<\/p>\n<p>Dise\u00f1os unisex: Todo para Todos! Corte regular fit; Comprueba tu talla con nuestra gu\u00eda de tallas <a href=\"https:\/\/szoltandfrog.com\/guia-de-tallas\/\">aqu\u00ed<\/a>!<\/p>\n<p>Dise\u00f1ada en Espa\u00f1a y fabricadas en nuestra vecina Portugal!<\/p>\n","protected":false},"featured_media":0,"template":"","meta":[],"product_cat":[5550,5554,271],"product_tag":[],"class_list":{"0":"post-90864","1":"product","2":"type-product","3":"status-publish","5":"product_cat-camisetas","6":"product_cat-ss26","7":"product_cat-ropa","9":"first","10":"outofstock","11":"featured","12":"taxable","13":"shipping-taxable","14":"product-type-variable","15":"wvs-archive-product-wrapper"},"_links":{"self":[{"href":"https:\/\/szoltandfrog.com\/fr\/wp-json\/wp\/v2\/product\/90864","targetHints":{"allow":["GET"]}}],"collection":[{"href":"https:\/\/szoltandfrog.com\/fr\/wp-json\/wp\/v2\/product"}],"about":[{"href":"https:\/\/szoltandfrog.com\/fr\/wp-json\/wp\/v2\/types\/product"}],"version-history":[{"count":1,"href":"https:\/\/szoltandfrog.com\/fr\/wp-json\/wp\/v2\/product\/90864\/revisions"}],"predecessor-version":[{"id":90911,"href":"https:\/\/szoltandfrog.com\/fr\/wp-json\/wp\/v2\/product\/90864\/revisions\/90911"}],"wp:attachment":[{"href":"https:\/\/szoltandfrog.com\/fr\/wp-json\/wp\/v2\/media?parent=90864"}],"wp:term":[{"taxonomy":"product_cat","embeddable":true,"href":"https:\/\/szoltandfrog.com\/fr\/wp-json\/wp\/v2\/product_cat?post=90864"},{"taxonomy":"product_tag","embeddable":true,"href":"https:\/\/szoltandfrog.com\/fr\/wp-json\/wp\/v2\/product_tag?post=90864"}],"curies":[{"name":"wp","href":"https:\/\/api.w.org\/{rel}","templated":true}]}}