{"id":87792,"date":"2024-09-30T13:25:07","date_gmt":"2024-11-25T18:51:25","guid":{"rendered":"https:\/\/szoltandfrog.com\/producto\/non class\u00e9\/chaussettes-papillon-taille-40-45\/"},"modified":"2024-11-25T19:51:25","modified_gmt":"2024-11-25T18:51:25","slug":"chaussettes-papillon-taille-40-45","status":"publish","type":"product","link":"https:\/\/szoltandfrog.com\/fr\/complements-fr-2\/chaussettes\/chaussettes-papillon-taille-40-45\/","title":{"rendered":"Chaussettes Papillon &#8211; Taille 40-45"},"content":{"rendered":"<p>Des chaussettes amusantes au design original et moderne, avec le sceau Sz\u00f6lt&amp;Frog. Con\u00e7ues en Espagne et produites par nos voisins au Portugal. Cette fois-ci, nous vous proposons des chaussettes avec des motifs de v\u00e9lo pour hommes. Cr\u00e9ez des tendances avec vos pieds&#8230; &#8211; Chaussettes mi-mollet &#8211; Fabriqu\u00e9es au Portugal &#8211; 80% coton, 18% Polyamide, 2% Spandex &#8211; Pointure 40-45<\/p>\n","protected":false},"excerpt":{"rendered":"<p>Des chaussettes amusantes au design original et moderne, avec le sceau Sz\u00f6lt&amp;Frog. Con\u00e7ues en Espagne et produites par nos voisins au Portugal. Cette fois-ci, nous vous proposons des chaussettes avec des motifs de v\u00e9lo pour hommes. Cr\u00e9ez des tendances avec vos pieds&#8230; &#8211; Chaussettes mi-mollet &#8211; Fabriqu\u00e9es au Portugal &#8211; 80% coton, 18% Polyamide, 2% [&hellip;]<\/p>\n","protected":false},"featured_media":85254,"template":"","meta":[],"product_cat":[5313,5079,4940],"product_tag":[],"class_list":{"0":"post-87792","1":"product","2":"type-product","3":"status-publish","4":"has-post-thumbnail","6":"product_cat-aw24-fr","7":"product_cat-complements-fr-2","8":"product_cat-chaussettes","10":"first","11":"instock","12":"taxable","13":"shipping-taxable","14":"purchasable","15":"product-type-simple"},"_links":{"self":[{"href":"https:\/\/szoltandfrog.com\/fr\/wp-json\/wp\/v2\/product\/87792","targetHints":{"allow":["GET"]}}],"collection":[{"href":"https:\/\/szoltandfrog.com\/fr\/wp-json\/wp\/v2\/product"}],"about":[{"href":"https:\/\/szoltandfrog.com\/fr\/wp-json\/wp\/v2\/types\/product"}],"version-history":[{"count":0,"href":"https:\/\/szoltandfrog.com\/fr\/wp-json\/wp\/v2\/product\/87792\/revisions"}],"wp:featuredmedia":[{"embeddable":true,"href":"https:\/\/szoltandfrog.com\/fr\/wp-json\/wp\/v2\/media\/85254"}],"wp:attachment":[{"href":"https:\/\/szoltandfrog.com\/fr\/wp-json\/wp\/v2\/media?parent=87792"}],"wp:term":[{"taxonomy":"product_cat","embeddable":true,"href":"https:\/\/szoltandfrog.com\/fr\/wp-json\/wp\/v2\/product_cat?post=87792"},{"taxonomy":"product_tag","embeddable":true,"href":"https:\/\/szoltandfrog.com\/fr\/wp-json\/wp\/v2\/product_tag?post=87792"}],"curies":[{"name":"wp","href":"https:\/\/api.w.org\/{rel}","templated":true}]}}