{"id":87643,"date":"2024-10-17T22:32:08","date_gmt":"2024-11-24T12:26:16","guid":{"rendered":"https:\/\/szoltandfrog.com\/producto\/non%20class\u00e9\/collier-pour-animaux-fantasia\/"},"modified":"2024-11-24T13:27:15","modified_gmt":"2024-11-24T12:27:15","slug":"collier-pour-animaux-fantasia","status":"publish","type":"product","link":"https:\/\/szoltandfrog.com\/fr\/product\/complements-fr-2\/animaux-de-compagnie\/collier-pour-animaux-fantasia\/","title":{"rendered":"Collier pour animaux Fantasia"},"content":{"rendered":"<p>Collier Fantasia pour animaux de compagnie par Lolo&rsquo;s<\/p>\n<p>Fabriqu\u00e9 \u00e0 la main en Espagne avec du cuir de premi\u00e8re qualit\u00e9.<\/p>\n<p>GUIDE DES TAILLES<\/p>\n<p>TAILLE XS :<\/p>\n<p>&#8211; Minimum 18,5 cm maximum 28 cm, largeur du col 2 cm.<\/p>\n<p>TAILLE S :<\/p>\n<p>&#8211; Minimum 27,5 cm maximum 36 cm, largeur du col 2 cm.<\/p>\n<p>TAILLE M :<\/p>\n<p>&#8211; Minimum 36 cm maximum 45,5 cm, largeur du col 3 cm.<\/p>\n<p>TAILLE L :<\/p>\n<p>&#8211; Minimum 44 cm maximum 53,5 cm, largeur du col 3,5 cm.<\/p>\n<p>TAILLE XL :<\/p>\n<p>&#8211; Minimum 53,5 cm maximum 62,5 cm, largeur du col 3,5 cm.<\/p>\n<p>&nbsp;<\/p>\n<p><a href=\"https:\/\/szoltandfrog.com\/wp-content\/uploads\/2024\/10\/perros_collares.jpeg\"><img decoding=\"async\" class=\"alignnone size-full wp-image-86992\" src=\"https:\/\/szoltandfrog.com\/wp-content\/uploads\/2024\/10\/perros_collares.jpeg\" alt=\"\" width=\"300\" height=\"184\"><\/a><\/p>\n","protected":false},"excerpt":{"rendered":"<p>Collier Fantasia pour animaux de compagnie par Lolo&rsquo;s Fabriqu\u00e9 \u00e0 la main en Espagne avec du cuir de premi\u00e8re qualit\u00e9. GUIDE DES TAILLES TAILLE XS : &#8211; Minimum 18,5 cm maximum 28 cm, largeur du col 2 cm. TAILLE S : &#8211; Minimum 27,5 cm maximum 36 cm, largeur du col 2 cm. TAILLE M [&hellip;]<\/p>\n","protected":false},"featured_media":86691,"template":"","meta":[],"product_cat":[5459,5313,5079],"product_tag":[],"class_list":{"0":"post-87643","1":"product","2":"type-product","3":"status-publish","4":"has-post-thumbnail","6":"product_cat-animaux-de-compagnie","7":"product_cat-aw24-fr","8":"product_cat-complements-fr-2","10":"first","11":"outofstock","12":"taxable","13":"shipping-taxable","14":"purchasable","15":"product-type-variable","16":"has-default-attributes","17":"wvs-archive-product-wrapper"},"_links":{"self":[{"href":"https:\/\/szoltandfrog.com\/fr\/wp-json\/wp\/v2\/product\/87643","targetHints":{"allow":["GET"]}}],"collection":[{"href":"https:\/\/szoltandfrog.com\/fr\/wp-json\/wp\/v2\/product"}],"about":[{"href":"https:\/\/szoltandfrog.com\/fr\/wp-json\/wp\/v2\/types\/product"}],"version-history":[{"count":0,"href":"https:\/\/szoltandfrog.com\/fr\/wp-json\/wp\/v2\/product\/87643\/revisions"}],"wp:featuredmedia":[{"embeddable":true,"href":"https:\/\/szoltandfrog.com\/fr\/wp-json\/wp\/v2\/media\/86691"}],"wp:attachment":[{"href":"https:\/\/szoltandfrog.com\/fr\/wp-json\/wp\/v2\/media?parent=87643"}],"wp:term":[{"taxonomy":"product_cat","embeddable":true,"href":"https:\/\/szoltandfrog.com\/fr\/wp-json\/wp\/v2\/product_cat?post=87643"},{"taxonomy":"product_tag","embeddable":true,"href":"https:\/\/szoltandfrog.com\/fr\/wp-json\/wp\/v2\/product_tag?post=87643"}],"curies":[{"name":"wp","href":"https:\/\/api.w.org\/{rel}","templated":true}]}}