{"id":85697,"date":"2024-09-30T13:38:56","date_gmt":"2024-09-30T11:38:57","guid":{"rendered":"https:\/\/szoltandfrog.com\/?post_type=product&#038;p=85697"},"modified":"2024-09-30T13:40:42","modified_gmt":"2024-09-30T11:40:42","slug":"chaussettes-a-logo-szolt-copia","status":"publish","type":"product","link":"https:\/\/szoltandfrog.com\/fr\/accesorios\/calcetines\/chaussettes-a-logo-szolt-copia\/","title":{"rendered":"Chaussettes \u00e0 logo Szolt (copia)"},"content":{"rendered":"<p>Chaussettes rigolotes aux motifs originaux et modernes, avec le label Sz\u00f6lt&amp;Frog. Con\u00e7u en Espagne et produit par nos voisins portugais. Cette fois-ci, nous avons des chaussettes avec des motifs de bicyclette pour les hommes. Commencez \u00e0 cr\u00e9er des tendances avec vos pieds&#8230; &#8211; Chaussettes demi-rondes &#8211; Fabriqu\u00e9es au Portugal &#8211; 80% Coton, 18% Polyamide, 2% Spandex<\/p>\n","protected":false},"excerpt":{"rendered":"<p>Chaussettes rigolotes aux motifs originaux et modernes, avec le label Sz\u00f6lt&amp;Frog. Con\u00e7u en Espagne et produit par nos voisins portugais. Cette fois-ci, nous avons des chaussettes avec des motifs de bicyclette pour les hommes. Commencez \u00e0 cr\u00e9er des tendances avec vos pieds&#8230; &#8211; Chaussettes demi-rondes &#8211; Fabriqu\u00e9es au Portugal &#8211; 80% Coton, 18% Polyamide, 2% [&hellip;]<\/p>\n","protected":false},"featured_media":85266,"template":"","meta":[],"product_cat":[5313,5079,4940],"product_tag":[],"class_list":{"0":"post-85697","1":"product","2":"type-product","3":"status-publish","4":"has-post-thumbnail","6":"product_cat-aw24-fr","7":"product_cat-complements-fr-2","8":"product_cat-chaussettes","10":"first","11":"instock","12":"taxable","13":"shipping-taxable","14":"purchasable","15":"product-type-simple"},"_links":{"self":[{"href":"https:\/\/szoltandfrog.com\/fr\/wp-json\/wp\/v2\/product\/85697","targetHints":{"allow":["GET"]}}],"collection":[{"href":"https:\/\/szoltandfrog.com\/fr\/wp-json\/wp\/v2\/product"}],"about":[{"href":"https:\/\/szoltandfrog.com\/fr\/wp-json\/wp\/v2\/types\/product"}],"version-history":[{"count":0,"href":"https:\/\/szoltandfrog.com\/fr\/wp-json\/wp\/v2\/product\/85697\/revisions"}],"wp:featuredmedia":[{"embeddable":true,"href":"https:\/\/szoltandfrog.com\/fr\/wp-json\/wp\/v2\/media\/85266"}],"wp:attachment":[{"href":"https:\/\/szoltandfrog.com\/fr\/wp-json\/wp\/v2\/media?parent=85697"}],"wp:term":[{"taxonomy":"product_cat","embeddable":true,"href":"https:\/\/szoltandfrog.com\/fr\/wp-json\/wp\/v2\/product_cat?post=85697"},{"taxonomy":"product_tag","embeddable":true,"href":"https:\/\/szoltandfrog.com\/fr\/wp-json\/wp\/v2\/product_tag?post=85697"}],"curies":[{"name":"wp","href":"https:\/\/api.w.org\/{rel}","templated":true}]}}