{"id":85610,"date":"2024-09-13T10:12:08","date_gmt":"2024-09-29T17:13:07","guid":{"rendered":"https:\/\/szoltandfrog.com\/producto\/non class\u00e9\/sweat-nagoya-kids\/"},"modified":"2025-07-17T11:02:24","modified_gmt":"2025-07-17T09:02:24","slug":"sweat-nagoya-kids","status":"publish","type":"product","link":"https:\/\/szoltandfrog.com\/fr\/product\/ropa-fr\/enfants\/sweat-nagoya-kids\/","title":{"rendered":"Sweat Nagoya Kids"},"content":{"rendered":"<p>Sweat pour enfant Fabriqu\u00e9 au Portugal &#8211; Sweat avec poche &#8211; 100% coton biologique &#8211; Poids 350 grammes &#8211; Lavage en cours de fabrication (pour \u00e9viter le r\u00e9tr\u00e9cissement par la suite) &#8211; Unisexe<\/p>\n","protected":false},"excerpt":{"rendered":"<p>Sweat pour enfant Fabriqu\u00e9 au Portugal &#8211; Sweat avec poche &#8211; 100% coton biologique &#8211; Poids 350 grammes &#8211; Lavage en cours de fabrication (pour \u00e9viter le r\u00e9tr\u00e9cissement par la suite) &#8211; Unisexe<\/p>\n","protected":false},"featured_media":84289,"template":"","meta":[],"product_cat":[5313,4917,5191],"product_tag":[],"class_list":{"0":"post-85610","1":"product","2":"type-product","3":"status-publish","4":"has-post-thumbnail","6":"product_cat-aw24-fr","7":"product_cat-ropa-fr","8":"product_cat-enfants","10":"first","11":"instock","12":"taxable","13":"shipping-taxable","14":"purchasable","15":"product-type-variable","16":"has-default-attributes","17":"wvs-archive-product-wrapper"},"_links":{"self":[{"href":"https:\/\/szoltandfrog.com\/fr\/wp-json\/wp\/v2\/product\/85610","targetHints":{"allow":["GET"]}}],"collection":[{"href":"https:\/\/szoltandfrog.com\/fr\/wp-json\/wp\/v2\/product"}],"about":[{"href":"https:\/\/szoltandfrog.com\/fr\/wp-json\/wp\/v2\/types\/product"}],"version-history":[{"count":0,"href":"https:\/\/szoltandfrog.com\/fr\/wp-json\/wp\/v2\/product\/85610\/revisions"}],"wp:featuredmedia":[{"embeddable":true,"href":"https:\/\/szoltandfrog.com\/fr\/wp-json\/wp\/v2\/media\/84289"}],"wp:attachment":[{"href":"https:\/\/szoltandfrog.com\/fr\/wp-json\/wp\/v2\/media?parent=85610"}],"wp:term":[{"taxonomy":"product_cat","embeddable":true,"href":"https:\/\/szoltandfrog.com\/fr\/wp-json\/wp\/v2\/product_cat?post=85610"},{"taxonomy":"product_tag","embeddable":true,"href":"https:\/\/szoltandfrog.com\/fr\/wp-json\/wp\/v2\/product_tag?post=85610"}],"curies":[{"name":"wp","href":"https:\/\/api.w.org\/{rel}","templated":true}]}}