{"id":85477,"date":"2024-09-25T14:28:51","date_gmt":"2024-09-25T12:29:06","guid":{"rendered":"https:\/\/szoltandfrog.com\/?post_type=product&#038;p=85477"},"modified":"2024-10-04T12:27:41","modified_gmt":"2024-10-04T10:27:41","slug":"ceinture-en-cuir-ethnique-bourez-copia-copia-copia","status":"publish","type":"product","link":"https:\/\/szoltandfrog.com\/fr\/accesorios\/ceinture-en-cuir-ethnique-bourez-copia-copia-copia\/","title":{"rendered":"Ceinture en cuir Krabi"},"content":{"rendered":"<p><img decoding=\"async\" class=\"alignnone wp-image-12467\" src=\"https:\/\/szoltandfrog.com\/wp-content\/uploads\/2019\/06\/spanish-flah.jpg\" alt=\"\" width=\"20\" height=\"16\"> Ceinture ethnique en cuir vert pour hommes et femmes, avec tissu ray\u00e9 : &#8211; Tissus sp\u00e9ciaux provenant du monde entier &#8211; Fabrication artisanale en Espagne &#8211; 100% cuir de haute qualit\u00e9 &#8211; Disponible en Taille 85 (Pantalon Taille 38-40), Taille 90 (Pantalon Taille 42-44) ou en 95 (Pantalon Taille 46-48-50)<\/p>\n","protected":false},"excerpt":{"rendered":"<p><img decoding=\"async\" class=\"alignnone wp-image-12467\" src=\"https:\/\/szoltandfrog.com\/wp-content\/uploads\/2019\/06\/spanish-flah.jpg\" alt=\"\" width=\"20\" height=\"16\"> Ceinture ethnique en cuir vert pour hommes et femmes, avec tissu ray\u00e9 : &#8211; Tissus sp\u00e9ciaux provenant du monde entier &#8211; Fabrication artisanale en Espagne &#8211; 100% cuir de haute qualit\u00e9 &#8211; Disponible en Taille 85 (Pantalon Taille 38-40), Taille 90 (Pantalon Taille 42-44) ou en 95 (Pantalon Taille 46-48-50)<\/p>\n","protected":false},"featured_media":86110,"template":"","meta":[],"product_cat":[5079,5078],"product_tag":[],"class_list":{"0":"post-85477","1":"product","2":"type-product","3":"status-publish","4":"has-post-thumbnail","6":"product_cat-complements-fr-2","7":"product_cat-ceintures","9":"first","10":"instock","11":"taxable","12":"shipping-taxable","13":"purchasable","14":"product-type-variable","15":"has-default-attributes","16":"wvs-archive-product-wrapper"},"_links":{"self":[{"href":"https:\/\/szoltandfrog.com\/fr\/wp-json\/wp\/v2\/product\/85477","targetHints":{"allow":["GET"]}}],"collection":[{"href":"https:\/\/szoltandfrog.com\/fr\/wp-json\/wp\/v2\/product"}],"about":[{"href":"https:\/\/szoltandfrog.com\/fr\/wp-json\/wp\/v2\/types\/product"}],"version-history":[{"count":0,"href":"https:\/\/szoltandfrog.com\/fr\/wp-json\/wp\/v2\/product\/85477\/revisions"}],"wp:featuredmedia":[{"embeddable":true,"href":"https:\/\/szoltandfrog.com\/fr\/wp-json\/wp\/v2\/media\/86110"}],"wp:attachment":[{"href":"https:\/\/szoltandfrog.com\/fr\/wp-json\/wp\/v2\/media?parent=85477"}],"wp:term":[{"taxonomy":"product_cat","embeddable":true,"href":"https:\/\/szoltandfrog.com\/fr\/wp-json\/wp\/v2\/product_cat?post=85477"},{"taxonomy":"product_tag","embeddable":true,"href":"https:\/\/szoltandfrog.com\/fr\/wp-json\/wp\/v2\/product_tag?post=85477"}],"curies":[{"name":"wp","href":"https:\/\/api.w.org\/{rel}","templated":true}]}}