{"id":84675,"date":"2024-09-13T10:11:48","date_gmt":"2024-09-17T07:53:05","guid":{"rendered":"https:\/\/szoltandfrog.com\/producto\/non class\u00e9\/sweat-osaka\/"},"modified":"2024-09-17T09:53:05","modified_gmt":"2024-09-17T07:53:05","slug":"sweat-osaka","status":"publish","type":"product","link":"https:\/\/szoltandfrog.com\/fr\/aw24-fr\/sweat-osaka\/","title":{"rendered":"Sweat Osaka"},"content":{"rendered":"<p>Fabriqu\u00e9 au Portugal &#8211; Sweat avec poche &#8211; 100% coton biologique &#8211; Poids 350 grammes &#8211; Lavage du v\u00eatement pendant le processus de fabrication (pour \u00e9viter le r\u00e9tr\u00e9cissement par la suite) &#8211; Unisexe<\/p>\n","protected":false},"excerpt":{"rendered":"<p>Fabriqu\u00e9 au Portugal &#8211; Sweat avec poche &#8211; 100% coton biologique &#8211; Poids 350 grammes &#8211; Lavage du v\u00eatement pendant le processus de fabrication (pour \u00e9viter le r\u00e9tr\u00e9cissement par la suite) &#8211; Unisexe<\/p>\n","protected":false},"featured_media":86739,"template":"","meta":[],"product_cat":[5313,4917,4918],"product_tag":[],"class_list":{"0":"post-84675","1":"product","2":"type-product","3":"status-publish","4":"has-post-thumbnail","6":"product_cat-aw24-fr","7":"product_cat-ropa-fr","8":"product_cat-sudadera-fr","10":"first","11":"instock","12":"taxable","13":"shipping-taxable","14":"purchasable","15":"product-type-variable","16":"has-default-attributes","17":"wvs-archive-product-wrapper"},"_links":{"self":[{"href":"https:\/\/szoltandfrog.com\/fr\/wp-json\/wp\/v2\/product\/84675","targetHints":{"allow":["GET"]}}],"collection":[{"href":"https:\/\/szoltandfrog.com\/fr\/wp-json\/wp\/v2\/product"}],"about":[{"href":"https:\/\/szoltandfrog.com\/fr\/wp-json\/wp\/v2\/types\/product"}],"version-history":[{"count":0,"href":"https:\/\/szoltandfrog.com\/fr\/wp-json\/wp\/v2\/product\/84675\/revisions"}],"wp:featuredmedia":[{"embeddable":true,"href":"https:\/\/szoltandfrog.com\/fr\/wp-json\/wp\/v2\/media\/86739"}],"wp:attachment":[{"href":"https:\/\/szoltandfrog.com\/fr\/wp-json\/wp\/v2\/media?parent=84675"}],"wp:term":[{"taxonomy":"product_cat","embeddable":true,"href":"https:\/\/szoltandfrog.com\/fr\/wp-json\/wp\/v2\/product_cat?post=84675"},{"taxonomy":"product_tag","embeddable":true,"href":"https:\/\/szoltandfrog.com\/fr\/wp-json\/wp\/v2\/product_tag?post=84675"}],"curies":[{"name":"wp","href":"https:\/\/api.w.org\/{rel}","templated":true}]}}