{"id":84651,"date":"2024-09-13T10:11:44","date_gmt":"2024-09-17T07:52:45","guid":{"rendered":"https:\/\/szoltandfrog.com\/producto\/non class\u00e9\/sweat-hibou\/"},"modified":"2024-09-17T09:52:45","modified_gmt":"2024-09-17T07:52:45","slug":"sweat-hibou","status":"publish","type":"product","link":"https:\/\/szoltandfrog.com\/fr\/aw24-fr\/sweat-hibou\/","title":{"rendered":"Sweat hibou"},"content":{"rendered":"<p>Au c\u0153ur de la nuit, pendant que le monde dort, la chouette veille silencieusement, sage et sereine.<br \/>\nNotre sweat imprim\u00e9 hibou est bien plus qu&rsquo;un simple v\u00eatement ; c&rsquo;est un hommage \u00e0 la sagesse et \u00e0 un lien profond avec la nature, m\u00eame au milieu du chaos urbain.   <\/p>\n<hr>\n<p>  Fabriqu\u00e9 au Portugal &#8211; T-shirt avec poche &#8211; 100% coton biologique &#8211; Poids 350 grammes &#8211; Lavage du v\u00eatement pendant le processus de fabrication (pour \u00e9viter le r\u00e9tr\u00e9cissement par la suite) &#8211; Sweat avec imprim\u00e9 &#8211; Animal &#8211; Unisexe<\/p>\n","protected":false},"excerpt":{"rendered":"<p>Au c\u0153ur de la nuit, pendant que le monde dort, la chouette veille silencieusement, sage et sereine. Notre sweat imprim\u00e9 hibou est bien plus qu&rsquo;un simple v\u00eatement ; c&rsquo;est un hommage \u00e0 la sagesse et \u00e0 un lien profond avec la nature, m\u00eame au milieu du chaos urbain. Fabriqu\u00e9 au Portugal &#8211; T-shirt avec poche [&hellip;]<\/p>\n","protected":false},"featured_media":86751,"template":"","meta":[],"product_cat":[5313,4917,4918],"product_tag":[],"class_list":{"0":"post-84651","1":"product","2":"type-product","3":"status-publish","4":"has-post-thumbnail","6":"product_cat-aw24-fr","7":"product_cat-ropa-fr","8":"product_cat-sudadera-fr","10":"first","11":"instock","12":"taxable","13":"shipping-taxable","14":"purchasable","15":"product-type-variable","16":"has-default-attributes","17":"wvs-archive-product-wrapper"},"_links":{"self":[{"href":"https:\/\/szoltandfrog.com\/fr\/wp-json\/wp\/v2\/product\/84651","targetHints":{"allow":["GET"]}}],"collection":[{"href":"https:\/\/szoltandfrog.com\/fr\/wp-json\/wp\/v2\/product"}],"about":[{"href":"https:\/\/szoltandfrog.com\/fr\/wp-json\/wp\/v2\/types\/product"}],"version-history":[{"count":0,"href":"https:\/\/szoltandfrog.com\/fr\/wp-json\/wp\/v2\/product\/84651\/revisions"}],"wp:featuredmedia":[{"embeddable":true,"href":"https:\/\/szoltandfrog.com\/fr\/wp-json\/wp\/v2\/media\/86751"}],"wp:attachment":[{"href":"https:\/\/szoltandfrog.com\/fr\/wp-json\/wp\/v2\/media?parent=84651"}],"wp:term":[{"taxonomy":"product_cat","embeddable":true,"href":"https:\/\/szoltandfrog.com\/fr\/wp-json\/wp\/v2\/product_cat?post=84651"},{"taxonomy":"product_tag","embeddable":true,"href":"https:\/\/szoltandfrog.com\/fr\/wp-json\/wp\/v2\/product_tag?post=84651"}],"curies":[{"name":"wp","href":"https:\/\/api.w.org\/{rel}","templated":true}]}}