{"id":84639,"date":"2024-09-13T10:11:56","date_gmt":"2024-09-17T07:52:34","guid":{"rendered":"https:\/\/szoltandfrog.com\/producto\/non class\u00e9\/sweat-edo\/"},"modified":"2024-09-17T09:52:34","modified_gmt":"2024-09-17T07:52:34","slug":"sweat-edo","status":"publish","type":"product","link":"https:\/\/szoltandfrog.com\/fr\/product\/ropa-fr\/sudadera-fr\/sweat-edo\/","title":{"rendered":"Sweat Edo"},"content":{"rendered":"<p>Fabriqu\u00e9 au Portugal &#8211; Sweat avec poche &#8211; 100% coton biologique &#8211; Poids 350 grammes &#8211; Lavage du v\u00eatement pendant le processus de fabrication (pour \u00e9viter le r\u00e9tr\u00e9cissement par la suite) &#8211; Unisexe<\/p>\n","protected":false},"excerpt":{"rendered":"<p>Fabriqu\u00e9 au Portugal &#8211; Sweat avec poche &#8211; 100% coton biologique &#8211; Poids 350 grammes &#8211; Lavage du v\u00eatement pendant le processus de fabrication (pour \u00e9viter le r\u00e9tr\u00e9cissement par la suite) &#8211; Unisexe<\/p>\n","protected":false},"featured_media":86727,"template":"","meta":[],"product_cat":[5313,4917,4918],"product_tag":[],"class_list":{"0":"post-84639","1":"product","2":"type-product","3":"status-publish","4":"has-post-thumbnail","6":"product_cat-aw24-fr","7":"product_cat-ropa-fr","8":"product_cat-sudadera-fr","10":"first","11":"instock","12":"taxable","13":"shipping-taxable","14":"purchasable","15":"product-type-variable","16":"has-default-attributes","17":"wvs-archive-product-wrapper"},"_links":{"self":[{"href":"https:\/\/szoltandfrog.com\/fr\/wp-json\/wp\/v2\/product\/84639","targetHints":{"allow":["GET"]}}],"collection":[{"href":"https:\/\/szoltandfrog.com\/fr\/wp-json\/wp\/v2\/product"}],"about":[{"href":"https:\/\/szoltandfrog.com\/fr\/wp-json\/wp\/v2\/types\/product"}],"version-history":[{"count":0,"href":"https:\/\/szoltandfrog.com\/fr\/wp-json\/wp\/v2\/product\/84639\/revisions"}],"wp:featuredmedia":[{"embeddable":true,"href":"https:\/\/szoltandfrog.com\/fr\/wp-json\/wp\/v2\/media\/86727"}],"wp:attachment":[{"href":"https:\/\/szoltandfrog.com\/fr\/wp-json\/wp\/v2\/media?parent=84639"}],"wp:term":[{"taxonomy":"product_cat","embeddable":true,"href":"https:\/\/szoltandfrog.com\/fr\/wp-json\/wp\/v2\/product_cat?post=84639"},{"taxonomy":"product_tag","embeddable":true,"href":"https:\/\/szoltandfrog.com\/fr\/wp-json\/wp\/v2\/product_tag?post=84639"}],"curies":[{"name":"wp","href":"https:\/\/api.w.org\/{rel}","templated":true}]}}