{"id":84626,"date":"2024-09-13T10:11:40","date_gmt":"2024-09-17T07:52:24","guid":{"rendered":"https:\/\/szoltandfrog.com\/producto\/non class\u00e9\/sweatshirt-en-forme-de-loup\/"},"modified":"2024-09-17T09:52:24","modified_gmt":"2024-09-17T07:52:24","slug":"sweatshirt-en-forme-de-loup","status":"publish","type":"product","link":"https:\/\/szoltandfrog.com\/fr\/aw24-fr\/sweatshirt-en-forme-de-loup\/","title":{"rendered":"Sweatshirt en forme de loup"},"content":{"rendered":"<p>Au milieu de l&rsquo;agitation urbaine, une for\u00eat de b\u00e9ton tente de vous modeler, mais au fond de vous bat un c\u0153ur sauvage.<br \/>\nCe loup, imprim\u00e9 sur un tissu en coton 100 % biologique, vous rappelle de ne jamais perdre votre essence.<br \/>\nKEEP NATURE WILD, soyez le loup qui vit en vous.    <\/p>\n<hr>\n<p>  Fabriqu\u00e9 au Portugal &#8211; Sweat avec poche &#8211; 100% coton biologique &#8211; Poids 350 grammes &#8211; Lavage du v\u00eatement pendant le processus de fabrication (pour \u00e9viter le r\u00e9tr\u00e9cissement par la suite) &#8211; Sweat avec imprim\u00e9 &#8211; Animal &#8211; Unisexe<\/p>\n","protected":false},"excerpt":{"rendered":"<p>Au milieu de l&rsquo;agitation urbaine, une for\u00eat de b\u00e9ton tente de vous modeler, mais au fond de vous bat un c\u0153ur sauvage. Ce loup, imprim\u00e9 sur un tissu en coton 100 % biologique, vous rappelle de ne jamais perdre votre essence. KEEP NATURE WILD, soyez le loup qui vit en vous. Fabriqu\u00e9 au Portugal &#8211; [&hellip;]<\/p>\n","protected":false},"featured_media":0,"template":"","meta":[],"product_cat":[5313,4917,4918],"product_tag":[],"class_list":{"0":"post-84626","1":"product","2":"type-product","3":"status-publish","5":"product_cat-aw24-fr","6":"product_cat-ropa-fr","7":"product_cat-sudadera-fr","9":"first","10":"instock","11":"taxable","12":"shipping-taxable","13":"purchasable","14":"product-type-variable","15":"has-default-attributes","16":"wvs-archive-product-wrapper"},"_links":{"self":[{"href":"https:\/\/szoltandfrog.com\/fr\/wp-json\/wp\/v2\/product\/84626","targetHints":{"allow":["GET"]}}],"collection":[{"href":"https:\/\/szoltandfrog.com\/fr\/wp-json\/wp\/v2\/product"}],"about":[{"href":"https:\/\/szoltandfrog.com\/fr\/wp-json\/wp\/v2\/types\/product"}],"version-history":[{"count":0,"href":"https:\/\/szoltandfrog.com\/fr\/wp-json\/wp\/v2\/product\/84626\/revisions"}],"wp:attachment":[{"href":"https:\/\/szoltandfrog.com\/fr\/wp-json\/wp\/v2\/media?parent=84626"}],"wp:term":[{"taxonomy":"product_cat","embeddable":true,"href":"https:\/\/szoltandfrog.com\/fr\/wp-json\/wp\/v2\/product_cat?post=84626"},{"taxonomy":"product_tag","embeddable":true,"href":"https:\/\/szoltandfrog.com\/fr\/wp-json\/wp\/v2\/product_tag?post=84626"}],"curies":[{"name":"wp","href":"https:\/\/api.w.org\/{rel}","templated":true}]}}