{"id":76982,"date":"2024-02-28T18:48:53","date_gmt":"2024-04-11T10:57:03","guid":{"rendered":"https:\/\/szoltandfrog.com\/non%20class\u00e9\/t-shirt-phi\/"},"modified":"2024-08-28T05:48:56","modified_gmt":"2024-08-28T03:48:56","slug":"t-shirt-phi","status":"publish","type":"product","link":"https:\/\/szoltandfrog.com\/fr\/ropa-fr\/t-shirt-phi\/","title":{"rendered":"T-shirt Phi"},"content":{"rendered":"<p>Il y a des moments que vous n&rsquo;oublierez jamais, comme la couleur des eaux turquoises.<br \/>\nqui entourent les c\u00f4tes de cet archipel. Le sentiment de calme lorsque<br \/>\ns&rsquo;en impr\u00e9gner est indescriptible. D\u00e9couvrez l&rsquo;harmonie parfaite entre votre<br \/>\nle corps et l&rsquo;environnement. Habillez-vous de l&rsquo;essence de Phi Phi et commencez \u00e0 vivre la vie de Phi Phi.<br \/>\nl&rsquo;aventure sans limites.<\/p>\n<hr>\n<p>T-shirt avec poche &#8211; 100% coton biologique &#8211; Poids 170 grammes &#8211; Lavage du v\u00eatement pendant le processus de fabrication (pour \u00e9viter le r\u00e9tr\u00e9cissement par la suite)<\/p>\n","protected":false},"excerpt":{"rendered":"<p>Il y a des moments que vous n&rsquo;oublierez jamais, comme la couleur des eaux turquoises. qui entourent les c\u00f4tes de cet archipel. Le sentiment de calme lorsque s&rsquo;en impr\u00e9gner est indescriptible. D\u00e9couvrez l&rsquo;harmonie parfaite entre votre le corps et l&rsquo;environnement. Habillez-vous de l&rsquo;essence de Phi Phi et commencez \u00e0 vivre la vie de Phi Phi. [&hellip;]<\/p>\n","protected":false},"featured_media":80393,"template":"","meta":[],"product_cat":[4917,5179,5299],"product_tag":[],"class_list":{"0":"post-76982","1":"product","2":"type-product","3":"status-publish","4":"has-post-thumbnail","6":"product_cat-ropa-fr","7":"product_cat-t-shirts-a-pochettes","8":"product_cat-ss24-fr","10":"first","11":"instock","12":"taxable","13":"shipping-taxable","14":"purchasable","15":"product-type-variable","16":"has-default-attributes","17":"wvs-archive-product-wrapper"},"_links":{"self":[{"href":"https:\/\/szoltandfrog.com\/fr\/wp-json\/wp\/v2\/product\/76982","targetHints":{"allow":["GET"]}}],"collection":[{"href":"https:\/\/szoltandfrog.com\/fr\/wp-json\/wp\/v2\/product"}],"about":[{"href":"https:\/\/szoltandfrog.com\/fr\/wp-json\/wp\/v2\/types\/product"}],"version-history":[{"count":0,"href":"https:\/\/szoltandfrog.com\/fr\/wp-json\/wp\/v2\/product\/76982\/revisions"}],"wp:featuredmedia":[{"embeddable":true,"href":"https:\/\/szoltandfrog.com\/fr\/wp-json\/wp\/v2\/media\/80393"}],"wp:attachment":[{"href":"https:\/\/szoltandfrog.com\/fr\/wp-json\/wp\/v2\/media?parent=76982"}],"wp:term":[{"taxonomy":"product_cat","embeddable":true,"href":"https:\/\/szoltandfrog.com\/fr\/wp-json\/wp\/v2\/product_cat?post=76982"},{"taxonomy":"product_tag","embeddable":true,"href":"https:\/\/szoltandfrog.com\/fr\/wp-json\/wp\/v2\/product_tag?post=76982"}],"curies":[{"name":"wp","href":"https:\/\/api.w.org\/{rel}","templated":true}]}}