{"id":76916,"date":"2024-02-28T18:48:49","date_gmt":"2024-04-11T10:49:34","guid":{"rendered":"https:\/\/szoltandfrog.com\/non%20class\u00e9\/t-shirt-palawan\/"},"modified":"2024-06-08T19:10:27","modified_gmt":"2024-06-08T17:10:27","slug":"t-shirt-palawan","status":"publish","type":"product","link":"https:\/\/szoltandfrog.com\/fr\/ropa-fr\/t-shirt-palawan\/","title":{"rendered":"T-shirt Palawan"},"content":{"rendered":"<p>Eaux cristallines, plages paradisiaques, cascades et for\u00eats \u00e9nigmatiques<br \/>\ntropicale. Le soleil se couche au loin, cr\u00e9ant un effet d&rsquo;optique admirable.<br \/>\nPalawan n&rsquo;est pas seulement une destination, c&rsquo;est un \u00e9tat d&rsquo;esprit. Ce tee-shirt est le<br \/>\nv\u00e9ritable repr\u00e9sentation. D\u00e9couvrez ce que c&rsquo;est que d&rsquo;\u00eatre dans une entreprise de l&rsquo;UE.<br \/>\nLe paradis sur terre rien qu&rsquo;en le portant.<\/p>\n<hr>\n<p>T-shirt avec poche &#8211; 100% coton biologique &#8211; Poids 170 grammes &#8211; Lavage du v\u00eatement pendant le processus de fabrication (pour \u00e9viter le r\u00e9tr\u00e9cissement par la suite)<\/p>\n","protected":false},"excerpt":{"rendered":"<p>Eaux cristallines, plages paradisiaques, cascades et for\u00eats \u00e9nigmatiques tropicale. Le soleil se couche au loin, cr\u00e9ant un effet d&rsquo;optique admirable. Palawan n&rsquo;est pas seulement une destination, c&rsquo;est un \u00e9tat d&rsquo;esprit. Ce tee-shirt est le v\u00e9ritable repr\u00e9sentation. D\u00e9couvrez ce que c&rsquo;est que d&rsquo;\u00eatre dans une entreprise de l&rsquo;UE. Le paradis sur terre rien qu&rsquo;en le portant. [&hellip;]<\/p>\n","protected":false},"featured_media":80399,"template":"","meta":[],"product_cat":[4917,5179,5299],"product_tag":[],"class_list":{"0":"post-76916","1":"product","2":"type-product","3":"status-publish","4":"has-post-thumbnail","6":"product_cat-ropa-fr","7":"product_cat-t-shirts-a-pochettes","8":"product_cat-ss24-fr","10":"first","11":"instock","12":"taxable","13":"shipping-taxable","14":"purchasable","15":"product-type-variable","16":"has-default-attributes","17":"wvs-archive-product-wrapper"},"_links":{"self":[{"href":"https:\/\/szoltandfrog.com\/fr\/wp-json\/wp\/v2\/product\/76916","targetHints":{"allow":["GET"]}}],"collection":[{"href":"https:\/\/szoltandfrog.com\/fr\/wp-json\/wp\/v2\/product"}],"about":[{"href":"https:\/\/szoltandfrog.com\/fr\/wp-json\/wp\/v2\/types\/product"}],"version-history":[{"count":0,"href":"https:\/\/szoltandfrog.com\/fr\/wp-json\/wp\/v2\/product\/76916\/revisions"}],"wp:featuredmedia":[{"embeddable":true,"href":"https:\/\/szoltandfrog.com\/fr\/wp-json\/wp\/v2\/media\/80399"}],"wp:attachment":[{"href":"https:\/\/szoltandfrog.com\/fr\/wp-json\/wp\/v2\/media?parent=76916"}],"wp:term":[{"taxonomy":"product_cat","embeddable":true,"href":"https:\/\/szoltandfrog.com\/fr\/wp-json\/wp\/v2\/product_cat?post=76916"},{"taxonomy":"product_tag","embeddable":true,"href":"https:\/\/szoltandfrog.com\/fr\/wp-json\/wp\/v2\/product_tag?post=76916"}],"curies":[{"name":"wp","href":"https:\/\/api.w.org\/{rel}","templated":true}]}}