{"id":76910,"date":"2024-02-28T18:48:56","date_gmt":"2024-04-11T10:48:52","guid":{"rendered":"https:\/\/szoltandfrog.com\/non%20class\u00e9\/t-shirt-miyako\/"},"modified":"2024-04-11T16:07:03","modified_gmt":"2024-04-11T14:07:03","slug":"t-shirt-miyako","status":"publish","type":"product","link":"https:\/\/szoltandfrog.com\/fr\/ropa-fr\/t-shirt-miyako\/","title":{"rendered":"T-shirt Miyako"},"content":{"rendered":"<p>C&rsquo;est au c\u0153ur des \u00eeles Miyako que na\u00eet l&rsquo;essence de ce T-shirt.<br \/>\nInspir\u00e9 par la fra\u00eecheur de l&rsquo;oc\u00e9an et de ses longues plages de sable fin<br \/>\nblanc. C&rsquo;est la repr\u00e9sentation pure de la libert\u00e9 et de l&rsquo;\u00e9nergie qui est respir\u00e9e.<br \/>\nsur les \u00eeles. Emportez avec vous un morceau de ce paradis et partagez son charme.<br \/>\navec le reste du monde.<\/p>\n<hr>\n<p>T-shirt avec poche &#8211; 100% coton biologique &#8211; Poids 170 grammes &#8211; Lavage du v\u00eatement pendant le processus de fabrication (pour \u00e9viter le r\u00e9tr\u00e9cissement par la suite)<\/p>\n","protected":false},"excerpt":{"rendered":"<p>C&rsquo;est au c\u0153ur des \u00eeles Miyako que na\u00eet l&rsquo;essence de ce T-shirt. Inspir\u00e9 par la fra\u00eecheur de l&rsquo;oc\u00e9an et de ses longues plages de sable fin blanc. C&rsquo;est la repr\u00e9sentation pure de la libert\u00e9 et de l&rsquo;\u00e9nergie qui est respir\u00e9e. sur les \u00eeles. Emportez avec vous un morceau de ce paradis et partagez son charme. [&hellip;]<\/p>\n","protected":false},"featured_media":80417,"template":"","meta":[],"product_cat":[4917,5179,5156,5299],"product_tag":[],"class_list":{"0":"post-76910","1":"product","2":"type-product","3":"status-publish","4":"has-post-thumbnail","6":"product_cat-ropa-fr","7":"product_cat-t-shirts-a-pochettes","8":"product_cat-sortie","9":"product_cat-ss24-fr","11":"first","12":"outofstock","13":"taxable","14":"shipping-taxable","15":"product-type-variable","16":"has-default-attributes","17":"wvs-archive-product-wrapper"},"_links":{"self":[{"href":"https:\/\/szoltandfrog.com\/fr\/wp-json\/wp\/v2\/product\/76910","targetHints":{"allow":["GET"]}}],"collection":[{"href":"https:\/\/szoltandfrog.com\/fr\/wp-json\/wp\/v2\/product"}],"about":[{"href":"https:\/\/szoltandfrog.com\/fr\/wp-json\/wp\/v2\/types\/product"}],"version-history":[{"count":0,"href":"https:\/\/szoltandfrog.com\/fr\/wp-json\/wp\/v2\/product\/76910\/revisions"}],"wp:featuredmedia":[{"embeddable":true,"href":"https:\/\/szoltandfrog.com\/fr\/wp-json\/wp\/v2\/media\/80417"}],"wp:attachment":[{"href":"https:\/\/szoltandfrog.com\/fr\/wp-json\/wp\/v2\/media?parent=76910"}],"wp:term":[{"taxonomy":"product_cat","embeddable":true,"href":"https:\/\/szoltandfrog.com\/fr\/wp-json\/wp\/v2\/product_cat?post=76910"},{"taxonomy":"product_tag","embeddable":true,"href":"https:\/\/szoltandfrog.com\/fr\/wp-json\/wp\/v2\/product_tag?post=76910"}],"curies":[{"name":"wp","href":"https:\/\/api.w.org\/{rel}","templated":true}]}}