{"id":76898,"date":"2024-02-28T18:48:45","date_gmt":"2024-04-11T10:47:22","guid":{"rendered":"https:\/\/szoltandfrog.com\/non%20class\u00e9\/t-shirt-parai\/"},"modified":"2024-04-11T16:07:16","modified_gmt":"2024-04-11T14:07:16","slug":"t-shirt-parai","status":"publish","type":"product","link":"https:\/\/szoltandfrog.com\/fr\/ropa-fr\/t-shirt-parai\/","title":{"rendered":"T-shirt Parai"},"content":{"rendered":"<p>Voici le T-shirt qui vous fera vibrer avec l&rsquo;\u00e9nergie d&rsquo;un endroit idyllique comme Goa. Chaque fil est impr\u00e9gn\u00e9 de la puret\u00e9 qui transmet l&rsquo;union entre les plages et la nature. Une destination qui vous invite \u00e0 vous immerger dans sa magie. Sa force vous propulsera dans une nouvelle aventure. Laissez-vous tenter par l&rsquo;exp\u00e9rience et laissez Goa \u00e9veiller vos sens.<\/p>\n<hr>\n<p>T-shirt avec poche &#8211; 100% coton biologique &#8211; Poids 170 grammes &#8211; Lavage du v\u00eatement pendant le processus de fabrication (pour \u00e9viter le r\u00e9tr\u00e9cissement par la suite)<\/p>\n","protected":false},"excerpt":{"rendered":"<p>Voici le T-shirt qui vous fera vibrer avec l&rsquo;\u00e9nergie d&rsquo;un endroit idyllique comme Goa. Chaque fil est impr\u00e9gn\u00e9 de la puret\u00e9 qui transmet l&rsquo;union entre les plages et la nature. Une destination qui vous invite \u00e0 vous immerger dans sa magie. Sa force vous propulsera dans une nouvelle aventure. Laissez-vous tenter par l&rsquo;exp\u00e9rience et laissez [&hellip;]<\/p>\n","protected":false},"featured_media":80219,"template":"","meta":[],"product_cat":[4917,5179,5299],"product_tag":[],"class_list":{"0":"post-76898","1":"product","2":"type-product","3":"status-publish","4":"has-post-thumbnail","6":"product_cat-ropa-fr","7":"product_cat-t-shirts-a-pochettes","8":"product_cat-ss24-fr","10":"first","11":"instock","12":"taxable","13":"shipping-taxable","14":"purchasable","15":"product-type-variable","16":"has-default-attributes","17":"wvs-archive-product-wrapper"},"_links":{"self":[{"href":"https:\/\/szoltandfrog.com\/fr\/wp-json\/wp\/v2\/product\/76898","targetHints":{"allow":["GET"]}}],"collection":[{"href":"https:\/\/szoltandfrog.com\/fr\/wp-json\/wp\/v2\/product"}],"about":[{"href":"https:\/\/szoltandfrog.com\/fr\/wp-json\/wp\/v2\/types\/product"}],"version-history":[{"count":0,"href":"https:\/\/szoltandfrog.com\/fr\/wp-json\/wp\/v2\/product\/76898\/revisions"}],"wp:featuredmedia":[{"embeddable":true,"href":"https:\/\/szoltandfrog.com\/fr\/wp-json\/wp\/v2\/media\/80219"}],"wp:attachment":[{"href":"https:\/\/szoltandfrog.com\/fr\/wp-json\/wp\/v2\/media?parent=76898"}],"wp:term":[{"taxonomy":"product_cat","embeddable":true,"href":"https:\/\/szoltandfrog.com\/fr\/wp-json\/wp\/v2\/product_cat?post=76898"},{"taxonomy":"product_tag","embeddable":true,"href":"https:\/\/szoltandfrog.com\/fr\/wp-json\/wp\/v2\/product_tag?post=76898"}],"curies":[{"name":"wp","href":"https:\/\/api.w.org\/{rel}","templated":true}]}}