{"id":76569,"date":"2024-03-03T23:17:28","date_gmt":"2024-04-02T10:31:50","guid":{"rendered":"https:\/\/szoltandfrog.com\/non class\u00e9\/carte-cadeau\/"},"modified":"2024-04-02T12:31:50","modified_gmt":"2024-04-02T10:31:50","slug":"carte-cadeau","status":"publish","type":"product","link":"https:\/\/szoltandfrog.com\/fr\/cartes-cadeaux\/carte-cadeau\/","title":{"rendered":"Carte cadeau"},"content":{"rendered":"","protected":false},"excerpt":{"rendered":"<p>D\u00e9couvrez la libert\u00e9 de donner avec les cartes-cadeaux Szolt&amp;Frog. Transformez l&rsquo;ind\u00e9cision en excitation en offrant \u00e0 vos amis ou \u00e0 vos proches la possibilit\u00e9 de choisir parmi notre collection exclusive, des t-shirts \u00e0 pochettes embl\u00e9matiques aux ceintures fabriqu\u00e9es \u00e0 la main. Offrez des v\u00eatements extraordinaires \u00e0 porter tous les jours ! Et soutenez d\u00e8s aujourd&rsquo;hui la pr\u00e9servation de l&rsquo;environnement avec nos cartes cadeaux !<\/p>\n","protected":false},"featured_media":75130,"template":"","meta":[],"product_cat":[5283],"product_tag":[],"class_list":{"0":"post-76569","1":"product","2":"type-product","3":"status-publish","4":"has-post-thumbnail","6":"product_cat-cartes-cadeaux","8":"first","9":"instock","10":"virtual","11":"taxable","12":"product-type-simple"},"_links":{"self":[{"href":"https:\/\/szoltandfrog.com\/fr\/wp-json\/wp\/v2\/product\/76569","targetHints":{"allow":["GET"]}}],"collection":[{"href":"https:\/\/szoltandfrog.com\/fr\/wp-json\/wp\/v2\/product"}],"about":[{"href":"https:\/\/szoltandfrog.com\/fr\/wp-json\/wp\/v2\/types\/product"}],"version-history":[{"count":0,"href":"https:\/\/szoltandfrog.com\/fr\/wp-json\/wp\/v2\/product\/76569\/revisions"}],"wp:featuredmedia":[{"embeddable":true,"href":"https:\/\/szoltandfrog.com\/fr\/wp-json\/wp\/v2\/media\/75130"}],"wp:attachment":[{"href":"https:\/\/szoltandfrog.com\/fr\/wp-json\/wp\/v2\/media?parent=76569"}],"wp:term":[{"taxonomy":"product_cat","embeddable":true,"href":"https:\/\/szoltandfrog.com\/fr\/wp-json\/wp\/v2\/product_cat?post=76569"},{"taxonomy":"product_tag","embeddable":true,"href":"https:\/\/szoltandfrog.com\/fr\/wp-json\/wp\/v2\/product_tag?post=76569"}],"curies":[{"name":"wp","href":"https:\/\/api.w.org\/{rel}","templated":true}]}}