{"id":73699,"date":"2024-02-08T01:52:10","date_gmt":"2024-02-08T14:45:29","guid":{"rendered":"https:\/\/szoltandfrog.com\/non class\u00e9\/chaussettes-de-mer-hommes\/"},"modified":"2024-02-08T15:45:29","modified_gmt":"2024-02-08T14:45:29","slug":"chaussettes-de-mer-hommes","status":"publish","type":"product","link":"https:\/\/szoltandfrog.com\/fr\/sans-categorie\/chaussettes-de-mer-hommes\/","title":{"rendered":"Chaussettes de mer &#8211; Hommes"},"content":{"rendered":"<p>Tailles 40-44<\/p>\n<p>Chaussettes rigolotes aux motifs originaux et modernes, avec le label Sz\u00f6lt&amp;Frog.<br \/>\nCon\u00e7u en Espagne et produit par nos voisins portugais.<br \/>\nCette fois-ci, nous avons des chaussettes avec des motifs de bicyclette pour les hommes.<br \/>\nCommencez \u00e0 cr\u00e9er des tendances avec vos pieds&#8230;<\/p>\n<p>&#8211; Chaussettes \u00e0 mi-mollet<br \/>\n&#8211; Fabriqu\u00e9 au Portugal<br \/>\n&#8211; 80% coton, 18% polyamide, 2% \u00e9lasthanne<\/p>\n","protected":false},"excerpt":{"rendered":"<p>Tailles 40-44 Chaussettes rigolotes aux motifs originaux et modernes, avec le label Sz\u00f6lt&amp;Frog. Con\u00e7u en Espagne et produit par nos voisins portugais. Cette fois-ci, nous avons des chaussettes avec des motifs de bicyclette pour les hommes. Commencez \u00e0 cr\u00e9er des tendances avec vos pieds&#8230; &#8211; Chaussettes \u00e0 mi-mollet &#8211; Fabriqu\u00e9 au Portugal &#8211; 80% coton, [&hellip;]<\/p>\n","protected":false},"featured_media":64297,"template":"","meta":[],"product_cat":[5259],"product_tag":[],"class_list":{"0":"post-73699","1":"product","2":"type-product","3":"status-publish","4":"has-post-thumbnail","6":"product_cat-sans-categorie","8":"first","9":"outofstock","10":"taxable","11":"shipping-taxable","12":"purchasable","13":"product-type-simple"},"_links":{"self":[{"href":"https:\/\/szoltandfrog.com\/fr\/wp-json\/wp\/v2\/product\/73699","targetHints":{"allow":["GET"]}}],"collection":[{"href":"https:\/\/szoltandfrog.com\/fr\/wp-json\/wp\/v2\/product"}],"about":[{"href":"https:\/\/szoltandfrog.com\/fr\/wp-json\/wp\/v2\/types\/product"}],"version-history":[{"count":0,"href":"https:\/\/szoltandfrog.com\/fr\/wp-json\/wp\/v2\/product\/73699\/revisions"}],"wp:featuredmedia":[{"embeddable":true,"href":"https:\/\/szoltandfrog.com\/fr\/wp-json\/wp\/v2\/media\/64297"}],"wp:attachment":[{"href":"https:\/\/szoltandfrog.com\/fr\/wp-json\/wp\/v2\/media?parent=73699"}],"wp:term":[{"taxonomy":"product_cat","embeddable":true,"href":"https:\/\/szoltandfrog.com\/fr\/wp-json\/wp\/v2\/product_cat?post=73699"},{"taxonomy":"product_tag","embeddable":true,"href":"https:\/\/szoltandfrog.com\/fr\/wp-json\/wp\/v2\/product_tag?post=73699"}],"curies":[{"name":"wp","href":"https:\/\/api.w.org\/{rel}","templated":true}]}}