{"id":73585,"date":"2024-02-08T02:28:28","date_gmt":"2024-02-08T01:28:34","guid":{"rendered":"https:\/\/szoltandfrog.com\/?post_type=product&#038;p=73585"},"modified":"2024-02-25T19:59:17","modified_gmt":"2024-02-25T18:59:17","slug":"sweat-giulia-copia-copia","status":"publish","type":"product","link":"https:\/\/szoltandfrog.com\/fr\/ropa-fr\/sweat-giulia-copia-copia\/","title":{"rendered":"Sweatshirt Li\u00e8ge"},"content":{"rendered":"","protected":false},"excerpt":{"rendered":"<div class=\"QcsUad BDJ8fb BLojaf sMVRZe wneUed\">\n<div class=\"usGWQd\">\n<div class=\"KkbLmb\">\n<div class=\"lRu31\" dir=\"ltr\"><span class=\"HwtZe\" lang=\"es\"><span class=\"jCAhz ChMk0b\"><span class=\"ryNqvb\">Comme les automnes pr\u00e9c\u00e9dents, nous commen\u00e7ons notre saison AW23 avec des sweatshirts \u00e0 poches. Dans ce cas, nous avons une finition bleu fonc\u00e9 d&rsquo;un sweat-shirt avec une poche g\u00e9om\u00e9trique. Combinaison de coton 100% biologique de premi\u00e8re qualit\u00e9 (310 gr) et de poches en<\/span><\/span> <span class=\"jCAhz ChMk0b\"><span class=\"ryNqvb\">dans le monde entier. Cette fois-ci, nous avons voulu marquer notre empreinte plus clairement que jamais et nous avons brod\u00e9 notre tente caract\u00e9ristique sur chacune des poches. Mod\u00e8les unisexes : tout pour tous !<\/span><\/span><\/span><\/div>\n<\/div>\n<\/div>\n<\/div>\n","protected":false},"featured_media":80069,"template":"","meta":[],"product_cat":[4917,4918,5156],"product_tag":[5173,5176,5174],"class_list":{"0":"post-73585","1":"product","2":"type-product","3":"status-publish","4":"has-post-thumbnail","6":"product_cat-ropa-fr","7":"product_cat-sudadera-fr","8":"product_cat-sortie","9":"product_tag-adultes","10":"product_tag-sweatshirts-fr","11":"product_tag-unisexe","13":"first","14":"outofstock","15":"taxable","16":"shipping-taxable","17":"product-type-variable","18":"has-default-attributes","19":"wvs-archive-product-wrapper"},"_links":{"self":[{"href":"https:\/\/szoltandfrog.com\/fr\/wp-json\/wp\/v2\/product\/73585","targetHints":{"allow":["GET"]}}],"collection":[{"href":"https:\/\/szoltandfrog.com\/fr\/wp-json\/wp\/v2\/product"}],"about":[{"href":"https:\/\/szoltandfrog.com\/fr\/wp-json\/wp\/v2\/types\/product"}],"version-history":[{"count":0,"href":"https:\/\/szoltandfrog.com\/fr\/wp-json\/wp\/v2\/product\/73585\/revisions"}],"wp:featuredmedia":[{"embeddable":true,"href":"https:\/\/szoltandfrog.com\/fr\/wp-json\/wp\/v2\/media\/80069"}],"wp:attachment":[{"href":"https:\/\/szoltandfrog.com\/fr\/wp-json\/wp\/v2\/media?parent=73585"}],"wp:term":[{"taxonomy":"product_cat","embeddable":true,"href":"https:\/\/szoltandfrog.com\/fr\/wp-json\/wp\/v2\/product_cat?post=73585"},{"taxonomy":"product_tag","embeddable":true,"href":"https:\/\/szoltandfrog.com\/fr\/wp-json\/wp\/v2\/product_tag?post=73585"}],"curies":[{"name":"wp","href":"https:\/\/api.w.org\/{rel}","templated":true}]}}