{"id":73544,"date":"2024-02-08T02:00:13","date_gmt":"2024-02-08T01:00:14","guid":{"rendered":"https:\/\/szoltandfrog.com\/?post_type=product&#038;p=73544"},"modified":"2024-04-02T11:54:40","modified_gmt":"2024-04-02T09:54:40","slug":"chaussettes-rudders-femmes-copia","status":"publish","type":"product","link":"https:\/\/szoltandfrog.com\/fr\/complements-fr-2\/chaussettes-rudders-femmes-copia\/","title":{"rendered":"Chaussettes de sport roses &#8211; Femmes"},"content":{"rendered":"","protected":false},"excerpt":{"rendered":"<p>Tailles 36-39Des chaussettes amusantes au design original et moderne, avec le sceau Sz\u00f6lt&amp;Frog.con\u00e7ues en Espagne et produites par nos voisins au Portugal.cette fois-ci, nous avons des chaussettes \u00e0 safran jaune pour femmes.commencez \u00e0 cr\u00e9er une tendance avec vos pieds&#8230;- Chaussettes mi-mollet- Fabriqu\u00e9es au Portugal- 80% coton, 18% Polyamide, 2% Spandex<\/p>\n","protected":false},"featured_media":56394,"template":"","meta":[],"product_cat":[5079,4940,4917,5156],"product_tag":[],"class_list":{"0":"post-73544","1":"product","2":"type-product","3":"status-publish","4":"has-post-thumbnail","6":"product_cat-complements-fr-2","7":"product_cat-chaussettes","8":"product_cat-ropa-fr","9":"product_cat-sortie","11":"first","12":"outofstock","13":"taxable","14":"shipping-taxable","15":"purchasable","16":"product-type-simple"},"_links":{"self":[{"href":"https:\/\/szoltandfrog.com\/fr\/wp-json\/wp\/v2\/product\/73544","targetHints":{"allow":["GET"]}}],"collection":[{"href":"https:\/\/szoltandfrog.com\/fr\/wp-json\/wp\/v2\/product"}],"about":[{"href":"https:\/\/szoltandfrog.com\/fr\/wp-json\/wp\/v2\/types\/product"}],"version-history":[{"count":0,"href":"https:\/\/szoltandfrog.com\/fr\/wp-json\/wp\/v2\/product\/73544\/revisions"}],"wp:featuredmedia":[{"embeddable":true,"href":"https:\/\/szoltandfrog.com\/fr\/wp-json\/wp\/v2\/media\/56394"}],"wp:attachment":[{"href":"https:\/\/szoltandfrog.com\/fr\/wp-json\/wp\/v2\/media?parent=73544"}],"wp:term":[{"taxonomy":"product_cat","embeddable":true,"href":"https:\/\/szoltandfrog.com\/fr\/wp-json\/wp\/v2\/product_cat?post=73544"},{"taxonomy":"product_tag","embeddable":true,"href":"https:\/\/szoltandfrog.com\/fr\/wp-json\/wp\/v2\/product_tag?post=73544"}],"curies":[{"name":"wp","href":"https:\/\/api.w.org\/{rel}","templated":true}]}}