{"id":73280,"date":"2024-02-03T11:59:06","date_gmt":"2024-02-03T10:59:19","guid":{"rendered":"https:\/\/szoltandfrog.com\/?post_type=product&#038;p=73280"},"modified":"2024-08-28T05:48:54","modified_gmt":"2024-08-28T03:48:54","slug":"t-shirt-kobe-copy","status":"publish","type":"product","link":"https:\/\/szoltandfrog.com\/fr\/ropa-fr\/t-shirts-a-pochettes\/t-shirt-kobe-copy\/","title":{"rendered":"T-shirt Froia"},"content":{"rendered":"<p>Nous avons ici le t-shirt Froia navy, en 100% coton biologique de 170 gr et poche g\u00e9om\u00e9trique multicolore en tissu ethnique qui, nous en sommes s\u00fbrs, deviendra un basique de votre garde-robe.<\/p>\n<p>Comme pour le reste de nos nouveaux mod\u00e8les, nous voulons rendre notre marque plus visible que jamais et vous pourrez montrer notre logo brod\u00e9 sur la poche de poitrine.<\/p>\n","protected":false},"excerpt":{"rendered":"<p>Nous lan\u00e7ons notre collection printemps-\u00e9t\u00e9 2023 avec une couleur que vous aviez beaucoup demand\u00e9e sur RRSS.<\/p>\n<p>Oui !!! Nous avons ici le T-shirt Kobe vert, en 100% coton biologique de 170 gr et poche g\u00e9om\u00e9trique multicolore en tissu ethnique qui, nous en sommes s\u00fbrs, deviendra un basique de votre garde-robe.<\/p>\n<p>Comme pour le reste de nos nouveaux mod\u00e8les, nous voulons rendre notre marque plus visible que jamais et vous pourrez montrer notre logo brod\u00e9 sur la poche de poitrine.<\/p>\n<p>Conception unisexe pour les femmes et les hommes ! Coupe r\u00e9guli\u00e8re ; V\u00e9rifiez votre taille dans le guide que nous avons pr\u00e9par\u00e9 en cliquant <a href=\"https:\/\/szoltandfrog.com\/guia-de-tallas\/\">ici<\/a>!<\/p>\n","protected":false},"featured_media":80117,"template":"","meta":[],"product_cat":[4917,5179,5299],"product_tag":[5173,5175,5180,5174],"class_list":{"0":"post-73280","1":"product","2":"type-product","3":"status-publish","4":"has-post-thumbnail","6":"product_cat-ropa-fr","7":"product_cat-t-shirts-a-pochettes","8":"product_cat-ss24-fr","9":"product_tag-adultes","10":"product_tag-poche","11":"product_tag-t-shirts-fr","12":"product_tag-unisexe","14":"first","15":"instock","16":"taxable","17":"shipping-taxable","18":"purchasable","19":"product-type-variable","20":"has-default-attributes","21":"wvs-archive-product-wrapper"},"_links":{"self":[{"href":"https:\/\/szoltandfrog.com\/fr\/wp-json\/wp\/v2\/product\/73280","targetHints":{"allow":["GET"]}}],"collection":[{"href":"https:\/\/szoltandfrog.com\/fr\/wp-json\/wp\/v2\/product"}],"about":[{"href":"https:\/\/szoltandfrog.com\/fr\/wp-json\/wp\/v2\/types\/product"}],"version-history":[{"count":0,"href":"https:\/\/szoltandfrog.com\/fr\/wp-json\/wp\/v2\/product\/73280\/revisions"}],"wp:featuredmedia":[{"embeddable":true,"href":"https:\/\/szoltandfrog.com\/fr\/wp-json\/wp\/v2\/media\/80117"}],"wp:attachment":[{"href":"https:\/\/szoltandfrog.com\/fr\/wp-json\/wp\/v2\/media?parent=73280"}],"wp:term":[{"taxonomy":"product_cat","embeddable":true,"href":"https:\/\/szoltandfrog.com\/fr\/wp-json\/wp\/v2\/product_cat?post=73280"},{"taxonomy":"product_tag","embeddable":true,"href":"https:\/\/szoltandfrog.com\/fr\/wp-json\/wp\/v2\/product_tag?post=73280"}],"curies":[{"name":"wp","href":"https:\/\/api.w.org\/{rel}","templated":true}]}}