{"id":71812,"date":"2020-07-21T01:02:38","date_gmt":"2024-01-08T16:03:38","guid":{"rendered":"https:\/\/szoltandfrog.com\/tienda\/non class\u00e9\/sweat-shirt-chilaw\/"},"modified":"2024-06-29T09:46:02","modified_gmt":"2024-06-29T07:46:02","slug":"sweat-shirt-chilaw","status":"publish","type":"product","link":"https:\/\/szoltandfrog.com\/fr\/ropa-fr\/sudadera-fr\/sweat-shirt-chilaw\/","title":{"rendered":"Sweat-shirt Chilaw"},"content":{"rendered":"","protected":false},"excerpt":{"rendered":"<p style=\"text-align: left;\">Nous avons commenc\u00e9 avec des T-shirts et nous lan\u00e7ons maintenant notre collection de sweats \u00e0 capuche.<\/p>\n<p>Dans ce cas, il s&rsquo;agit d&rsquo;un sweat-shirt en finition kaki avec une poche g\u00e9om\u00e9trique.<\/p>\n<p>Combinaison de 75 % de coton de premi\u00e8re qualit\u00e9 et de 25 % de polyester (310 gr) et poches fabriqu\u00e9es avec des tissus du monde entier.<\/p>\n<p>Cette fois-ci, nous avons voulu marquer notre empreinte plus clairement que jamais et nous avons brod\u00e9 notre signature sur chacune des poches.<\/p>\n<p>Mod\u00e8les unisexes : tout pour tous ! V\u00e9rifiez votre taille \u00e0 l&rsquo;aide des mesures indiqu\u00e9es sur l&rsquo;image !<\/p>\n<p>Con\u00e7us en Espagne et fabriqu\u00e9s dans notre pays voisin, le Portugal !<\/p>\n","protected":false},"featured_media":80033,"template":"","meta":[],"product_cat":[4917,4918],"product_tag":[5173,5175,5176,5174],"class_list":{"0":"post-71812","1":"product","2":"type-product","3":"status-publish","4":"has-post-thumbnail","6":"product_cat-ropa-fr","7":"product_cat-sudadera-fr","8":"product_tag-adultes","9":"product_tag-poche","10":"product_tag-sweatshirts-fr","11":"product_tag-unisexe","13":"first","14":"outofstock","15":"featured","16":"taxable","17":"shipping-taxable","18":"purchasable","19":"product-type-variable","20":"has-default-attributes","21":"wvs-archive-product-wrapper"},"_links":{"self":[{"href":"https:\/\/szoltandfrog.com\/fr\/wp-json\/wp\/v2\/product\/71812","targetHints":{"allow":["GET"]}}],"collection":[{"href":"https:\/\/szoltandfrog.com\/fr\/wp-json\/wp\/v2\/product"}],"about":[{"href":"https:\/\/szoltandfrog.com\/fr\/wp-json\/wp\/v2\/types\/product"}],"version-history":[{"count":0,"href":"https:\/\/szoltandfrog.com\/fr\/wp-json\/wp\/v2\/product\/71812\/revisions"}],"wp:featuredmedia":[{"embeddable":true,"href":"https:\/\/szoltandfrog.com\/fr\/wp-json\/wp\/v2\/media\/80033"}],"wp:attachment":[{"href":"https:\/\/szoltandfrog.com\/fr\/wp-json\/wp\/v2\/media?parent=71812"}],"wp:term":[{"taxonomy":"product_cat","embeddable":true,"href":"https:\/\/szoltandfrog.com\/fr\/wp-json\/wp\/v2\/product_cat?post=71812"},{"taxonomy":"product_tag","embeddable":true,"href":"https:\/\/szoltandfrog.com\/fr\/wp-json\/wp\/v2\/product_tag?post=71812"}],"curies":[{"name":"wp","href":"https:\/\/api.w.org\/{rel}","templated":true}]}}