{"id":71794,"date":"2020-07-22T00:24:16","date_gmt":"2024-01-08T16:03:17","guid":{"rendered":"https:\/\/szoltandfrog.com\/tienda\/non%20class\u00e9\/t-shirt-tromso\/"},"modified":"2024-01-31T14:15:45","modified_gmt":"2024-01-31T13:15:45","slug":"t-shirt-tromso","status":"publish","type":"product","link":"https:\/\/szoltandfrog.com\/fr\/ropa-fr\/t-shirts-a-pochettes\/t-shirt-tromso\/","title":{"rendered":"T-shirt Tromso"},"content":{"rendered":"","protected":false},"excerpt":{"rendered":"<p>Nous vous proposons un T-shirt vert d\u00e9lav\u00e9 en 100% coton biologique avec une poche g\u00e9om\u00e9trique.<\/p>\n<p>Le T-shirt Tromso en vert kaki, en 100% coton biologique de 170 gr et poche g\u00e9om\u00e9trique en tissu ethnique est un pari pour cette nouvelle saison automne-hiver.<\/p>\n<p>Comme pour le reste de nos nouveaux mod\u00e8les, nous voulons rendre notre marque plus visible que jamais et vous pourrez montrer notre logo brod\u00e9 sur la poche de poitrine.<\/p>\n<p>Conception unisexe pour les femmes et les hommes ! Coupe r\u00e9guli\u00e8re ; v\u00e9rifiez votre taille \u00e0 l&rsquo;aide des mesures figurant sur la photo !<\/p>\n<p>Con\u00e7us en Espagne et fabriqu\u00e9s dans notre pays voisin, le Portugal !<\/p>\n","protected":false},"featured_media":80165,"template":"","meta":[],"product_cat":[4917,5179,5299],"product_tag":[5173,5175,5180,5174],"class_list":{"0":"post-71794","1":"product","2":"type-product","3":"status-publish","4":"has-post-thumbnail","6":"product_cat-ropa-fr","7":"product_cat-t-shirts-a-pochettes","8":"product_cat-ss24-fr","9":"product_tag-adultes","10":"product_tag-poche","11":"product_tag-t-shirts-fr","12":"product_tag-unisexe","14":"first","15":"instock","16":"taxable","17":"shipping-taxable","18":"purchasable","19":"product-type-variable","20":"has-default-attributes","21":"wvs-archive-product-wrapper"},"_links":{"self":[{"href":"https:\/\/szoltandfrog.com\/fr\/wp-json\/wp\/v2\/product\/71794","targetHints":{"allow":["GET"]}}],"collection":[{"href":"https:\/\/szoltandfrog.com\/fr\/wp-json\/wp\/v2\/product"}],"about":[{"href":"https:\/\/szoltandfrog.com\/fr\/wp-json\/wp\/v2\/types\/product"}],"version-history":[{"count":0,"href":"https:\/\/szoltandfrog.com\/fr\/wp-json\/wp\/v2\/product\/71794\/revisions"}],"wp:featuredmedia":[{"embeddable":true,"href":"https:\/\/szoltandfrog.com\/fr\/wp-json\/wp\/v2\/media\/80165"}],"wp:attachment":[{"href":"https:\/\/szoltandfrog.com\/fr\/wp-json\/wp\/v2\/media?parent=71794"}],"wp:term":[{"taxonomy":"product_cat","embeddable":true,"href":"https:\/\/szoltandfrog.com\/fr\/wp-json\/wp\/v2\/product_cat?post=71794"},{"taxonomy":"product_tag","embeddable":true,"href":"https:\/\/szoltandfrog.com\/fr\/wp-json\/wp\/v2\/product_tag?post=71794"}],"curies":[{"name":"wp","href":"https:\/\/api.w.org\/{rel}","templated":true}]}}