{"id":71527,"date":"2021-05-20T22:38:34","date_gmt":"2024-01-08T15:52:59","guid":{"rendered":"https:\/\/szoltandfrog.com\/tienda\/non%20class\u00e9\/sweatshirt-hesse-kids\/"},"modified":"2024-01-31T14:08:28","modified_gmt":"2024-01-31T13:08:28","slug":"sweatshirt-hesse-kids","status":"publish","type":"product","link":"https:\/\/szoltandfrog.com\/fr\/ropa-fr\/sudadera-fr\/sweatshirt-hesse-kids\/","title":{"rendered":"Sweatshirt Hesse Kids"},"content":{"rendered":"","protected":false},"excerpt":{"rendered":"<p>Vous avez \u00e9t\u00e9 nombreux \u00e0 r\u00e9clamer des T-shirts et des sweatshirts pour accompagner les enfants.<\/p>\n<p>Bienvenue dans la premi\u00e8re collection Sz\u00f6lt &amp; Frog Kids pour les plus jeunes membres de la famille.<\/p>\n<p>Avec toute l&rsquo;identit\u00e9 de nos plus grands succ\u00e8s, mais adapt\u00e9s aux plus petits et avec notre nouveau logo Kids.<\/p>\n<p>Le sweat Hesse Kids, comme sa grande s\u0153ur <strong><br \/>\n  <u><br \/>\n    <a href=\"https:\/\/szoltandfrog.com\/comprar\/sudadera-hesse\/\">Hesse<\/a><br \/>\n  <\/u><br \/>\n<\/strong>est compos\u00e9 d&rsquo;une combinaison de 75 % de coton de qualit\u00e9 sup\u00e9rieure et de 25 % de polyester (310 gr) et de poches fabriqu\u00e9es \u00e0 partir de tissus du monde entier. Notre logo est brod\u00e9 sur la poitrine.<\/p>\n<p>Comme nous savons qu&rsquo;il est souvent difficile de trouver la bonne taille pour vos petits, nous avons laiss\u00e9 un guide des tailles pour vous ici <strong><u><a href=\"https:\/\/szoltandfrog.com\/guia-de-tallas\/\">ici<\/a><\/u> <\/strong>avec les mesures exactes et une approximation de la taille de l&rsquo;enfant !<\/p>\n<p>En cas de doute, nous vous recommandons de mesurer l&rsquo;un des sweatshirts que vous poss\u00e9dez d\u00e9j\u00e0 et si vous vous trompez ou si la taille ne vous convient pas, ne vous inqui\u00e9tez pas, car le premier changement de taille est enti\u00e8rement gratuit pour vous.<\/p>\n<p>Conform\u00e9ment \u00e0 la r\u00e9glementation europ\u00e9enne sur les textiles pour mineurs, les tailles 4-5 et 6-7 n&rsquo;ont pas de cordon de serrage sur la capuche afin d&rsquo;\u00e9viter les accidents.<\/p>\n<p>Con\u00e7us en Espagne et fabriqu\u00e9s dans notre pays voisin, le Portugal !<\/p>\n","protected":false},"featured_media":80021,"template":"","meta":[],"product_cat":[4917,5191,4918,5156],"product_tag":[5192,5175,5176,5174],"class_list":{"0":"post-71527","1":"product","2":"type-product","3":"status-publish","4":"has-post-thumbnail","6":"product_cat-ropa-fr","7":"product_cat-enfants","8":"product_cat-sudadera-fr","9":"product_cat-sortie","10":"product_tag-enfants","11":"product_tag-poche","12":"product_tag-sweatshirts-fr","13":"product_tag-unisexe","15":"first","16":"instock","17":"taxable","18":"shipping-taxable","19":"product-type-variable","20":"wvs-archive-product-wrapper"},"_links":{"self":[{"href":"https:\/\/szoltandfrog.com\/fr\/wp-json\/wp\/v2\/product\/71527","targetHints":{"allow":["GET"]}}],"collection":[{"href":"https:\/\/szoltandfrog.com\/fr\/wp-json\/wp\/v2\/product"}],"about":[{"href":"https:\/\/szoltandfrog.com\/fr\/wp-json\/wp\/v2\/types\/product"}],"version-history":[{"count":0,"href":"https:\/\/szoltandfrog.com\/fr\/wp-json\/wp\/v2\/product\/71527\/revisions"}],"wp:featuredmedia":[{"embeddable":true,"href":"https:\/\/szoltandfrog.com\/fr\/wp-json\/wp\/v2\/media\/80021"}],"wp:attachment":[{"href":"https:\/\/szoltandfrog.com\/fr\/wp-json\/wp\/v2\/media?parent=71527"}],"wp:term":[{"taxonomy":"product_cat","embeddable":true,"href":"https:\/\/szoltandfrog.com\/fr\/wp-json\/wp\/v2\/product_cat?post=71527"},{"taxonomy":"product_tag","embeddable":true,"href":"https:\/\/szoltandfrog.com\/fr\/wp-json\/wp\/v2\/product_tag?post=71527"}],"curies":[{"name":"wp","href":"https:\/\/api.w.org\/{rel}","templated":true}]}}