{"id":71509,"date":"2021-05-20T22:57:19","date_gmt":"2024-01-08T15:52:41","guid":{"rendered":"https:\/\/szoltandfrog.com\/tienda\/non%20class\u00e9\/t-shirt-rugen-kids\/"},"modified":"2024-01-31T14:16:21","modified_gmt":"2024-01-31T13:16:21","slug":"t-shirt-rugen-kids","status":"publish","type":"product","link":"https:\/\/szoltandfrog.com\/fr\/ropa-fr\/enfants\/t-shirt-rugen-kids\/","title":{"rendered":"T-shirt Rugen Kids"},"content":{"rendered":"","protected":false},"excerpt":{"rendered":"<p>Vous avez \u00e9t\u00e9 nombreux \u00e0 r\u00e9clamer des T-shirts et des sweat-shirts pour accompagner les enfants.<\/p>\n<p>Bienvenue dans la premi\u00e8re collection Sz\u00f6lt &amp; Frog Kids pour les plus jeunes membres de la famille.<\/p>\n<p>Avec toute l&rsquo;identit\u00e9 de nos plus grands succ\u00e8s en coton 100% biologique, mais adapt\u00e9 pour les plus petits et avec notre nouveau logo Kids.<\/p>\n<p>Le T-shirt Rugen Kids, comme sa grande s\u0153ur <strong><br \/>\n  <u><br \/>\n    <a href=\"https:\/\/szoltandfrog.com\/comprar\/camiseta-rugen\/\">Rugen<\/a><br \/>\n  <\/u><br \/>\n<\/strong>Le T-shirt Rugen Kids, comme son grand fr\u00e8re, est en 100% coton biologique de 170 grammes avec une pochette en tissu ethnique ray\u00e9 dans les tons de vert et notre logo brod\u00e9 sur la poitrine.<\/p>\n<p>Comme nous savons qu&rsquo;il est souvent difficile de trouver la bonne taille pour vos petits, nous avons laiss\u00e9 un guide des tailles pour vous ici <strong><u><a href=\"https:\/\/szoltandfrog.com\/guia-de-tallas\/\">ici<\/a><\/u> <\/strong>avec les mesures exactes et une approximation de la taille de l&rsquo;enfant !<\/p>\n<p>En cas de doute, nous vous recommandons de mesurer l&rsquo;un des T-shirts que vous poss\u00e9dez d\u00e9j\u00e0 et si vous vous trompez ou si la taille ne vous convient pas, ne vous inqui\u00e9tez pas, car le premier changement de taille est enti\u00e8rement gratuit pour vous.<\/p>\n<p>Con\u00e7us en Espagne et fabriqu\u00e9s dans notre pays voisin, le Portugal !<\/p>\n","protected":false},"featured_media":63660,"template":"","meta":[],"product_cat":[4917,5191,5156],"product_tag":[5192,5175,5180,5174],"class_list":{"0":"post-71509","1":"product","2":"type-product","3":"status-publish","4":"has-post-thumbnail","6":"product_cat-ropa-fr","7":"product_cat-enfants","8":"product_cat-sortie","9":"product_tag-enfants","10":"product_tag-poche","11":"product_tag-t-shirts-fr","12":"product_tag-unisexe","14":"first","15":"outofstock","16":"taxable","17":"shipping-taxable","18":"product-type-variable","19":"wvs-archive-product-wrapper"},"_links":{"self":[{"href":"https:\/\/szoltandfrog.com\/fr\/wp-json\/wp\/v2\/product\/71509","targetHints":{"allow":["GET"]}}],"collection":[{"href":"https:\/\/szoltandfrog.com\/fr\/wp-json\/wp\/v2\/product"}],"about":[{"href":"https:\/\/szoltandfrog.com\/fr\/wp-json\/wp\/v2\/types\/product"}],"version-history":[{"count":0,"href":"https:\/\/szoltandfrog.com\/fr\/wp-json\/wp\/v2\/product\/71509\/revisions"}],"wp:featuredmedia":[{"embeddable":true,"href":"https:\/\/szoltandfrog.com\/fr\/wp-json\/wp\/v2\/media\/63660"}],"wp:attachment":[{"href":"https:\/\/szoltandfrog.com\/fr\/wp-json\/wp\/v2\/media?parent=71509"}],"wp:term":[{"taxonomy":"product_cat","embeddable":true,"href":"https:\/\/szoltandfrog.com\/fr\/wp-json\/wp\/v2\/product_cat?post=71509"},{"taxonomy":"product_tag","embeddable":true,"href":"https:\/\/szoltandfrog.com\/fr\/wp-json\/wp\/v2\/product_tag?post=71509"}],"curies":[{"name":"wp","href":"https:\/\/api.w.org\/{rel}","templated":true}]}}