{"id":71464,"date":"2021-12-26T01:59:28","date_gmt":"2024-01-08T15:49:39","guid":{"rendered":"https:\/\/szoltandfrog.com\/tienda\/non class\u00e9\/sac-de-voyage-niers\/"},"modified":"2024-01-08T16:49:39","modified_gmt":"2024-01-08T15:49:39","slug":"sac-de-voyage-niers","status":"publish","type":"product","link":"https:\/\/szoltandfrog.com\/fr\/complements-fr-2\/sac-de-voyage-niers\/","title":{"rendered":"Sac de voyage Niers"},"content":{"rendered":"","protected":false},"excerpt":{"rendered":"<p>Le sac de week-end original de Sz\u00f6lt&amp;frog est arriv\u00e9 !<\/p>\n<p>Avec une composition 100% coton et des d\u00e9tails tels que les poign\u00e9es et les coins en cuir, c&rsquo;est l&rsquo;accessoire parfait pour votre escapade aventureuse.<\/p>\n<p>Le compartiment principal est dot\u00e9 d&rsquo;une grande ouverture zipp\u00e9e qui facilite l&rsquo;acc\u00e8s \u00e0 vos t-shirts et sweat-shirts Sz\u00f6lt&amp;frog pr\u00e9f\u00e9r\u00e9s. Notre conception comprend \u00e9galement une poche ext\u00e9rieure zipp\u00e9e pour un rangement facile d&rsquo;acc\u00e8s, ainsi qu&rsquo;une poche int\u00e9rieure zipp\u00e9e pour ranger votre t\u00e9l\u00e9phone portable, votre portefeuille, vos cl\u00e9s, etc. &#8230;&#8230;<\/p>\n<p>Ce sac de voyage aventureux est disponible en deux coloris : bleu marine et vert kaki. Lequel choisirez-vous ?<\/p>\n<p>Dimensions :<\/p>\n<ul>\n<li>Longueur : 62 cm<\/li>\n<li>Largeur : 28 cm<\/li>\n<li>Hauteur : 30 cm<\/li>\n<\/ul>\n","protected":false},"featured_media":64976,"template":"","meta":[],"product_cat":[5079,5017],"product_tag":[5173,5175,5182,5176,5174],"class_list":{"0":"post-71464","1":"product","2":"type-product","3":"status-publish","4":"has-post-thumbnail","6":"product_cat-complements-fr-2","7":"product_cat-sacs-de-voyage","8":"product_tag-adultes","9":"product_tag-poche","10":"product_tag-sac","11":"product_tag-sweatshirts-fr","12":"product_tag-unisexe","14":"first","15":"instock","16":"taxable","17":"shipping-taxable","18":"purchasable","19":"product-type-simple"},"_links":{"self":[{"href":"https:\/\/szoltandfrog.com\/fr\/wp-json\/wp\/v2\/product\/71464","targetHints":{"allow":["GET"]}}],"collection":[{"href":"https:\/\/szoltandfrog.com\/fr\/wp-json\/wp\/v2\/product"}],"about":[{"href":"https:\/\/szoltandfrog.com\/fr\/wp-json\/wp\/v2\/types\/product"}],"version-history":[{"count":0,"href":"https:\/\/szoltandfrog.com\/fr\/wp-json\/wp\/v2\/product\/71464\/revisions"}],"wp:featuredmedia":[{"embeddable":true,"href":"https:\/\/szoltandfrog.com\/fr\/wp-json\/wp\/v2\/media\/64976"}],"wp:attachment":[{"href":"https:\/\/szoltandfrog.com\/fr\/wp-json\/wp\/v2\/media?parent=71464"}],"wp:term":[{"taxonomy":"product_cat","embeddable":true,"href":"https:\/\/szoltandfrog.com\/fr\/wp-json\/wp\/v2\/product_cat?post=71464"},{"taxonomy":"product_tag","embeddable":true,"href":"https:\/\/szoltandfrog.com\/fr\/wp-json\/wp\/v2\/product_tag?post=71464"}],"curies":[{"name":"wp","href":"https:\/\/api.w.org\/{rel}","templated":true}]}}