{"id":71360,"date":"2021-09-18T16:41:17","date_gmt":"2024-01-08T15:46:27","guid":{"rendered":"https:\/\/szoltandfrog.com\/tienda\/non%20class\u00e9\/sweat-kabir\/"},"modified":"2024-01-31T14:04:06","modified_gmt":"2024-01-31T13:04:06","slug":"sweat-kabir","status":"publish","type":"product","link":"https:\/\/szoltandfrog.com\/fr\/ropa-fr\/sudadera-fr\/sweat-kabir\/","title":{"rendered":"Sweat Kabir"},"content":{"rendered":"","protected":false},"excerpt":{"rendered":"<p>Nous avons commenc\u00e9 avec des T-shirts et nous lan\u00e7ons maintenant notre collection de sweats \u00e0 capuche.<\/p>\n<p>Dans ce cas, nous avons un sweat-shirt gris avec une poche g\u00e9om\u00e9trique.<\/p>\n<p>Combinaison de 75 % de coton de premi\u00e8re qualit\u00e9 et de 25 % de polyester (310 gr) et poches fabriqu\u00e9es avec des tissus du monde entier.<\/p>\n<p>Cette fois-ci, nous avons voulu marquer notre empreinte plus clairement que jamais et nous avons brod\u00e9 notre signature sur chacune des poches.<\/p>\n<p>Mod\u00e8les unisexes : tout pour tous ! V\u00e9rifiez votre taille avec notre guide des tailles <a href=\"https:\/\/szoltandfrog.com\/guia-de-tallas\/\">ici<\/a>!<\/p>\n<p>Con\u00e7us en Espagne et fabriqu\u00e9s dans notre pays voisin, le Portugal !<\/p>\n<p>Il mesure 1,67 m, p\u00e8se 65 kg et porte la taille S.<\/p>\n","protected":false},"featured_media":80051,"template":"","meta":[],"product_cat":[4917,4918,5156],"product_tag":[5173,5175,5176,5174],"class_list":{"0":"post-71360","1":"product","2":"type-product","3":"status-publish","4":"has-post-thumbnail","6":"product_cat-ropa-fr","7":"product_cat-sudadera-fr","8":"product_cat-sortie","9":"product_tag-adultes","10":"product_tag-poche","11":"product_tag-sweatshirts-fr","12":"product_tag-unisexe","14":"first","15":"instock","16":"taxable","17":"shipping-taxable","18":"purchasable","19":"product-type-variable","20":"has-default-attributes","21":"wvs-archive-product-wrapper"},"_links":{"self":[{"href":"https:\/\/szoltandfrog.com\/fr\/wp-json\/wp\/v2\/product\/71360","targetHints":{"allow":["GET"]}}],"collection":[{"href":"https:\/\/szoltandfrog.com\/fr\/wp-json\/wp\/v2\/product"}],"about":[{"href":"https:\/\/szoltandfrog.com\/fr\/wp-json\/wp\/v2\/types\/product"}],"version-history":[{"count":0,"href":"https:\/\/szoltandfrog.com\/fr\/wp-json\/wp\/v2\/product\/71360\/revisions"}],"wp:featuredmedia":[{"embeddable":true,"href":"https:\/\/szoltandfrog.com\/fr\/wp-json\/wp\/v2\/media\/80051"}],"wp:attachment":[{"href":"https:\/\/szoltandfrog.com\/fr\/wp-json\/wp\/v2\/media?parent=71360"}],"wp:term":[{"taxonomy":"product_cat","embeddable":true,"href":"https:\/\/szoltandfrog.com\/fr\/wp-json\/wp\/v2\/product_cat?post=71360"},{"taxonomy":"product_tag","embeddable":true,"href":"https:\/\/szoltandfrog.com\/fr\/wp-json\/wp\/v2\/product_tag?post=71360"}],"curies":[{"name":"wp","href":"https:\/\/api.w.org\/{rel}","templated":true}]}}