{"id":71306,"date":"2022-10-06T00:48:08","date_gmt":"2024-01-08T15:45:01","guid":{"rendered":"https:\/\/szoltandfrog.com\/tienda\/non%20class\u00e9\/t-shirt-waal\/"},"modified":"2024-01-31T14:16:02","modified_gmt":"2024-01-31T13:16:02","slug":"t-shirt-waal","status":"publish","type":"product","link":"https:\/\/szoltandfrog.com\/fr\/ropa-fr\/t-shirts-a-pochettes\/t-shirt-waal\/","title":{"rendered":"T-shirt Waal"},"content":{"rendered":"","protected":false},"excerpt":{"rendered":"<p>Apr\u00e8s le succ\u00e8s de nos grands classiques comme le Dingli, le Rugen, le Tromso et le Dogo, nous vous pr\u00e9sentons le mod\u00e8le Waal.<\/p>\n<p>Le T-shirt Waal, en couleur blanche et 100% coton biologique de 170 gr et finition single jersey pour \u00e9viter la transparence, nous offre l&rsquo;\u00e9volution parfaite de notre s\u00e9rie de T-shirts blancs.<\/p>\n<p>Comme pour le reste de nos nouveaux mod\u00e8les, nous voulons rendre notre marque plus visible que jamais et vous pourrez montrer notre logo brod\u00e9 sur la poche de poitrine.<\/p>\n<p>Conception unisexe pour les femmes et les hommes ! Coupe r\u00e9guli\u00e8re ; V\u00e9rifiez votre taille avec notre guide des tailles <a href=\"https:\/\/szoltandfrog.com\/guia-de-tallas\/\">ici<\/a>!<\/p>\n","protected":false},"featured_media":80171,"template":"","meta":[],"product_cat":[4917,5179,5156],"product_tag":[5173,5175,5180,5174],"class_list":{"0":"post-71306","1":"product","2":"type-product","3":"status-publish","4":"has-post-thumbnail","6":"product_cat-ropa-fr","7":"product_cat-t-shirts-a-pochettes","8":"product_cat-sortie","9":"product_tag-adultes","10":"product_tag-poche","11":"product_tag-t-shirts-fr","12":"product_tag-unisexe","14":"first","15":"instock","16":"taxable","17":"shipping-taxable","18":"product-type-variable","19":"has-default-attributes","20":"wvs-archive-product-wrapper"},"_links":{"self":[{"href":"https:\/\/szoltandfrog.com\/fr\/wp-json\/wp\/v2\/product\/71306","targetHints":{"allow":["GET"]}}],"collection":[{"href":"https:\/\/szoltandfrog.com\/fr\/wp-json\/wp\/v2\/product"}],"about":[{"href":"https:\/\/szoltandfrog.com\/fr\/wp-json\/wp\/v2\/types\/product"}],"version-history":[{"count":0,"href":"https:\/\/szoltandfrog.com\/fr\/wp-json\/wp\/v2\/product\/71306\/revisions"}],"wp:featuredmedia":[{"embeddable":true,"href":"https:\/\/szoltandfrog.com\/fr\/wp-json\/wp\/v2\/media\/80171"}],"wp:attachment":[{"href":"https:\/\/szoltandfrog.com\/fr\/wp-json\/wp\/v2\/media?parent=71306"}],"wp:term":[{"taxonomy":"product_cat","embeddable":true,"href":"https:\/\/szoltandfrog.com\/fr\/wp-json\/wp\/v2\/product_cat?post=71306"},{"taxonomy":"product_tag","embeddable":true,"href":"https:\/\/szoltandfrog.com\/fr\/wp-json\/wp\/v2\/product_tag?post=71306"}],"curies":[{"name":"wp","href":"https:\/\/api.w.org\/{rel}","templated":true}]}}