{"id":71288,"date":"2022-10-06T01:01:13","date_gmt":"2024-01-08T15:44:45","guid":{"rendered":"https:\/\/szoltandfrog.com\/tienda\/non%20class\u00e9\/t-shirt-naha\/"},"modified":"2024-03-09T02:05:19","modified_gmt":"2024-03-09T01:05:19","slug":"t-shirt-naha","status":"publish","type":"product","link":"https:\/\/szoltandfrog.com\/fr\/ropa-fr\/t-shirts-a-pochettes\/t-shirt-naha\/","title":{"rendered":"T-shirt Naha"},"content":{"rendered":"","protected":false},"excerpt":{"rendered":"<p>C&rsquo;est avec eux que tout a commenc\u00e9 ! La sixi\u00e8me collection de nos T-shirts de poche \u00e0 succ\u00e8s.<\/p>\n<p>Dans ce cas, nous avons r\u00e9\u00e9dit\u00e9 notre succ\u00e8s de 2019 avec un gris 100% coton biologique avec une pochette ray\u00e9e.<\/p>\n<p>100% coton biologique GOTS (Global Organic Textile Standard) 170 gr et poches fabriqu\u00e9es avec des tissus du monde entier.<\/p>\n<p>Cette fois-ci, nous avons voulu marquer notre empreinte plus clairement que jamais et nous avons brod\u00e9 notre signature sur chacune des poches.<\/p>\n<p>Mod\u00e8les unisexes : tout pour tous ! Coupe r\u00e9guli\u00e8re ; V\u00e9rifiez votre taille avec notre guide des tailles <a href=\"https:\/\/szoltandfrog.com\/guia-de-tallas\/\">ici<\/a>!<\/p>\n","protected":false},"featured_media":80141,"template":"","meta":[],"product_cat":[4917,5179],"product_tag":[5173,5175,5180,5174],"class_list":{"0":"post-71288","1":"product","2":"type-product","3":"status-publish","4":"has-post-thumbnail","6":"product_cat-ropa-fr","7":"product_cat-t-shirts-a-pochettes","8":"product_tag-adultes","9":"product_tag-poche","10":"product_tag-t-shirts-fr","11":"product_tag-unisexe","13":"first","14":"instock","15":"taxable","16":"shipping-taxable","17":"purchasable","18":"product-type-variable","19":"has-default-attributes","20":"wvs-archive-product-wrapper"},"_links":{"self":[{"href":"https:\/\/szoltandfrog.com\/fr\/wp-json\/wp\/v2\/product\/71288","targetHints":{"allow":["GET"]}}],"collection":[{"href":"https:\/\/szoltandfrog.com\/fr\/wp-json\/wp\/v2\/product"}],"about":[{"href":"https:\/\/szoltandfrog.com\/fr\/wp-json\/wp\/v2\/types\/product"}],"version-history":[{"count":0,"href":"https:\/\/szoltandfrog.com\/fr\/wp-json\/wp\/v2\/product\/71288\/revisions"}],"wp:featuredmedia":[{"embeddable":true,"href":"https:\/\/szoltandfrog.com\/fr\/wp-json\/wp\/v2\/media\/80141"}],"wp:attachment":[{"href":"https:\/\/szoltandfrog.com\/fr\/wp-json\/wp\/v2\/media?parent=71288"}],"wp:term":[{"taxonomy":"product_cat","embeddable":true,"href":"https:\/\/szoltandfrog.com\/fr\/wp-json\/wp\/v2\/product_cat?post=71288"},{"taxonomy":"product_tag","embeddable":true,"href":"https:\/\/szoltandfrog.com\/fr\/wp-json\/wp\/v2\/product_tag?post=71288"}],"curies":[{"name":"wp","href":"https:\/\/api.w.org\/{rel}","templated":true}]}}