{"id":71263,"date":"2022-05-17T22:40:39","date_gmt":"2024-01-08T15:43:58","guid":{"rendered":"https:\/\/szoltandfrog.com\/tienda\/non%20class\u00e9\/t-shirt-alpin\/"},"modified":"2024-01-31T14:15:55","modified_gmt":"2024-01-31T13:15:55","slug":"t-shirt-alpin","status":"publish","type":"product","link":"https:\/\/szoltandfrog.com\/fr\/ropa-fr\/t-shirts-a-pochettes\/t-shirt-alpin\/","title":{"rendered":"T-shirt alpin"},"content":{"rendered":"","protected":false},"excerpt":{"rendered":"<p><span style=\"color: #ff0000;\">Pour l&rsquo;achat de notre T-shirt Alpine, 5% de votre paiement sera revers\u00e9 \u00e0 <u><br \/>\n  <a style=\"color: #ff0000;\" href=\"https:\/\/theoceancleanup.com\/\">The Ocean Cleanup<\/a><br \/>\n<\/u>une organisation \u00e0 but non lucratif visant \u00e0 \u00e9liminer le plastique des oc\u00e9ans.<\/span><\/p>\n<p>Cette fois-ci, il s&rsquo;agit d&rsquo;un t-shirt bleu en coton 100 % biologique.<\/p>\n<p>100% coton biologique 170 gr et poches fabriqu\u00e9es avec des tissus du monde entier.<\/p>\n<p>Cette fois-ci, nous avons voulu marquer notre empreinte plus clairement que jamais et nous avons brod\u00e9 notre signature sur chacune des poches.<\/p>\n<p>Mod\u00e8les unisexes : tout pour tous ! Coupe r\u00e9guli\u00e8re ; V\u00e9rifiez votre taille avec notre guide des tailles ici !<\/p>\n<p>Con\u00e7us en Espagne et fabriqu\u00e9s dans notre pays voisin, le Portugal !<\/p>\n","protected":false},"featured_media":80093,"template":"","meta":[],"product_cat":[5259],"product_tag":[5173,5175,5180,5174],"class_list":{"0":"post-71263","1":"product","2":"type-product","3":"status-publish","4":"has-post-thumbnail","6":"product_cat-sans-categorie","7":"product_tag-adultes","8":"product_tag-poche","9":"product_tag-t-shirts-fr","10":"product_tag-unisexe","12":"first","13":"outofstock","14":"taxable","15":"shipping-taxable","16":"product-type-variable","17":"has-default-attributes","18":"wvs-archive-product-wrapper"},"_links":{"self":[{"href":"https:\/\/szoltandfrog.com\/fr\/wp-json\/wp\/v2\/product\/71263","targetHints":{"allow":["GET"]}}],"collection":[{"href":"https:\/\/szoltandfrog.com\/fr\/wp-json\/wp\/v2\/product"}],"about":[{"href":"https:\/\/szoltandfrog.com\/fr\/wp-json\/wp\/v2\/types\/product"}],"version-history":[{"count":0,"href":"https:\/\/szoltandfrog.com\/fr\/wp-json\/wp\/v2\/product\/71263\/revisions"}],"wp:featuredmedia":[{"embeddable":true,"href":"https:\/\/szoltandfrog.com\/fr\/wp-json\/wp\/v2\/media\/80093"}],"wp:attachment":[{"href":"https:\/\/szoltandfrog.com\/fr\/wp-json\/wp\/v2\/media?parent=71263"}],"wp:term":[{"taxonomy":"product_cat","embeddable":true,"href":"https:\/\/szoltandfrog.com\/fr\/wp-json\/wp\/v2\/product_cat?post=71263"},{"taxonomy":"product_tag","embeddable":true,"href":"https:\/\/szoltandfrog.com\/fr\/wp-json\/wp\/v2\/product_tag?post=71263"}],"curies":[{"name":"wp","href":"https:\/\/api.w.org\/{rel}","templated":true}]}}