{"id":71245,"date":"2022-10-06T01:34:34","date_gmt":"2024-01-08T15:43:38","guid":{"rendered":"https:\/\/szoltandfrog.com\/tienda\/non%20class\u00e9\/t-shirt-dinant\/"},"modified":"2024-06-29T09:46:01","modified_gmt":"2024-06-29T07:46:01","slug":"t-shirt-dinant","status":"publish","type":"product","link":"https:\/\/szoltandfrog.com\/fr\/ropa-fr\/t-shirts-a-pochettes\/t-shirt-dinant\/","title":{"rendered":"T-shirt Dinant"},"content":{"rendered":"","protected":false},"excerpt":{"rendered":"<p>Nous lan\u00e7ons notre collection automne-hiver 2022 avec une couleur que vous aviez beaucoup demand\u00e9e sur RRSS.<\/p>\n<p>Oui !!! Nous avons ici le T-shirt Dinant noir, en 100% coton biologique de 170 gr et poche g\u00e9om\u00e9trique multicolore en tissu ethnique qui, nous en sommes s\u00fbrs, deviendra un basique de votre garde-robe.<\/p>\n<p>Comme pour le reste de nos nouveaux mod\u00e8les, nous voulons rendre notre marque plus visible que jamais et vous pourrez montrer notre logo brod\u00e9 sur la poche de poitrine.<\/p>\n<p>Conception unisexe pour les femmes et les hommes ! Coupe r\u00e9guli\u00e8re ; V\u00e9rifiez votre taille dans le guide que nous avons pr\u00e9par\u00e9 en cliquant <a href=\"https:\/\/szoltandfrog.com\/guia-de-tallas\/\">ici<\/a>!<\/p>\n","protected":false},"featured_media":80105,"template":"","meta":[],"product_cat":[4917,5179,5299],"product_tag":[5173,5175,5180,5174],"class_list":{"0":"post-71245","1":"product","2":"type-product","3":"status-publish","4":"has-post-thumbnail","6":"product_cat-ropa-fr","7":"product_cat-t-shirts-a-pochettes","8":"product_cat-ss24-fr","9":"product_tag-adultes","10":"product_tag-poche","11":"product_tag-t-shirts-fr","12":"product_tag-unisexe","14":"first","15":"instock","16":"taxable","17":"shipping-taxable","18":"purchasable","19":"product-type-variable","20":"has-default-attributes","21":"wvs-archive-product-wrapper"},"_links":{"self":[{"href":"https:\/\/szoltandfrog.com\/fr\/wp-json\/wp\/v2\/product\/71245","targetHints":{"allow":["GET"]}}],"collection":[{"href":"https:\/\/szoltandfrog.com\/fr\/wp-json\/wp\/v2\/product"}],"about":[{"href":"https:\/\/szoltandfrog.com\/fr\/wp-json\/wp\/v2\/types\/product"}],"version-history":[{"count":0,"href":"https:\/\/szoltandfrog.com\/fr\/wp-json\/wp\/v2\/product\/71245\/revisions"}],"wp:featuredmedia":[{"embeddable":true,"href":"https:\/\/szoltandfrog.com\/fr\/wp-json\/wp\/v2\/media\/80105"}],"wp:attachment":[{"href":"https:\/\/szoltandfrog.com\/fr\/wp-json\/wp\/v2\/media?parent=71245"}],"wp:term":[{"taxonomy":"product_cat","embeddable":true,"href":"https:\/\/szoltandfrog.com\/fr\/wp-json\/wp\/v2\/product_cat?post=71245"},{"taxonomy":"product_tag","embeddable":true,"href":"https:\/\/szoltandfrog.com\/fr\/wp-json\/wp\/v2\/product_tag?post=71245"}],"curies":[{"name":"wp","href":"https:\/\/api.w.org\/{rel}","templated":true}]}}