{"id":71209,"date":"2022-09-10T22:18:45","date_gmt":"2024-01-08T15:42:39","guid":{"rendered":"https:\/\/szoltandfrog.com\/tienda\/non%20class\u00e9\/sweat-fiona\/"},"modified":"2024-01-31T14:07:53","modified_gmt":"2024-01-31T13:07:53","slug":"sweat-fiona","status":"publish","type":"product","link":"https:\/\/szoltandfrog.com\/fr\/ropa-fr\/sudadera-fr\/sweat-fiona\/","title":{"rendered":"Sweat Fiona"},"content":{"rendered":"","protected":false},"excerpt":{"rendered":"<p>Nous avons commenc\u00e9 avec des T-shirts et nous lan\u00e7ons maintenant notre collection de sweats \u00e0 capuche.<\/p>\n<p>Dans ce cas, il s&rsquo;agit d&rsquo;un sweat-shirt aux finitions lilas avec une poche g\u00e9om\u00e9trique.<\/p>\n<p>Combinaison de 100% coton de premi\u00e8re qualit\u00e9 (310 gr) et de poches fabriqu\u00e9es avec des tissus du monde entier.<\/p>\n<p>Cette fois-ci, nous avons voulu marquer notre empreinte plus clairement que jamais et nous avons brod\u00e9 notre signature sur chacune des poches.<\/p>\n<p>Mod\u00e8les unisexes : tout pour tous ! V\u00e9rifiez votre taille avec notre guide des tailles <a href=\"https:\/\/szoltandfrog.com\/guia-de-tallas\/\">ici<\/a>!<\/p>\n<p>Con\u00e7us en Espagne et fabriqu\u00e9s dans notre pays voisin, le Portugal !<\/p>\n","protected":false},"featured_media":72987,"template":"","meta":[],"product_cat":[4917,4918,5156],"product_tag":[5173,5175,5176,5174],"class_list":{"0":"post-71209","1":"product","2":"type-product","3":"status-publish","4":"has-post-thumbnail","6":"product_cat-ropa-fr","7":"product_cat-sudadera-fr","8":"product_cat-sortie","9":"product_tag-adultes","10":"product_tag-poche","11":"product_tag-sweatshirts-fr","12":"product_tag-unisexe","14":"first","15":"outofstock","16":"taxable","17":"shipping-taxable","18":"product-type-variable","19":"has-default-attributes","20":"wvs-archive-product-wrapper"},"_links":{"self":[{"href":"https:\/\/szoltandfrog.com\/fr\/wp-json\/wp\/v2\/product\/71209","targetHints":{"allow":["GET"]}}],"collection":[{"href":"https:\/\/szoltandfrog.com\/fr\/wp-json\/wp\/v2\/product"}],"about":[{"href":"https:\/\/szoltandfrog.com\/fr\/wp-json\/wp\/v2\/types\/product"}],"version-history":[{"count":0,"href":"https:\/\/szoltandfrog.com\/fr\/wp-json\/wp\/v2\/product\/71209\/revisions"}],"wp:featuredmedia":[{"embeddable":true,"href":"https:\/\/szoltandfrog.com\/fr\/wp-json\/wp\/v2\/media\/72987"}],"wp:attachment":[{"href":"https:\/\/szoltandfrog.com\/fr\/wp-json\/wp\/v2\/media?parent=71209"}],"wp:term":[{"taxonomy":"product_cat","embeddable":true,"href":"https:\/\/szoltandfrog.com\/fr\/wp-json\/wp\/v2\/product_cat?post=71209"},{"taxonomy":"product_tag","embeddable":true,"href":"https:\/\/szoltandfrog.com\/fr\/wp-json\/wp\/v2\/product_tag?post=71209"}],"curies":[{"name":"wp","href":"https:\/\/api.w.org\/{rel}","templated":true}]}}