{"id":71193,"date":"2021-02-19T00:04:31","date_gmt":"2024-01-08T15:35:20","guid":{"rendered":"https:\/\/szoltandfrog.com\/tienda\/non class\u00e9\/casquette-oker\/"},"modified":"2024-01-08T16:35:20","modified_gmt":"2024-01-08T15:35:20","slug":"casquette-oker","status":"publish","type":"product","link":"https:\/\/szoltandfrog.com\/fr\/complements-fr-2\/capuchon\/casquette-oker\/","title":{"rendered":"Casquette Oker"},"content":{"rendered":"","protected":false},"excerpt":{"rendered":"<p>Casquette Sz\u00f6lt&amp;Frog marine avec logo brod\u00e9 sur le devant et notre marque \u00e0 l&rsquo;arri\u00e8re.<\/p>\n<p>Taille unique &#8211; Bleu marine<\/p>\n<p>Casquette Composition (100% coton)<\/p>\n<p>Con\u00e7u en Espagne et fabriqu\u00e9 au Portugal.<\/p>\n","protected":false},"featured_media":62141,"template":"","meta":[],"product_cat":[5079,5157,5156],"product_tag":[],"class_list":{"0":"post-71193","1":"product","2":"type-product","3":"status-publish","4":"has-post-thumbnail","6":"product_cat-complements-fr-2","7":"product_cat-capuchon","8":"product_cat-sortie","10":"first","11":"outofstock","12":"taxable","13":"shipping-taxable","14":"purchasable","15":"product-type-simple"},"_links":{"self":[{"href":"https:\/\/szoltandfrog.com\/fr\/wp-json\/wp\/v2\/product\/71193","targetHints":{"allow":["GET"]}}],"collection":[{"href":"https:\/\/szoltandfrog.com\/fr\/wp-json\/wp\/v2\/product"}],"about":[{"href":"https:\/\/szoltandfrog.com\/fr\/wp-json\/wp\/v2\/types\/product"}],"version-history":[{"count":0,"href":"https:\/\/szoltandfrog.com\/fr\/wp-json\/wp\/v2\/product\/71193\/revisions"}],"wp:featuredmedia":[{"embeddable":true,"href":"https:\/\/szoltandfrog.com\/fr\/wp-json\/wp\/v2\/media\/62141"}],"wp:attachment":[{"href":"https:\/\/szoltandfrog.com\/fr\/wp-json\/wp\/v2\/media?parent=71193"}],"wp:term":[{"taxonomy":"product_cat","embeddable":true,"href":"https:\/\/szoltandfrog.com\/fr\/wp-json\/wp\/v2\/product_cat?post=71193"},{"taxonomy":"product_tag","embeddable":true,"href":"https:\/\/szoltandfrog.com\/fr\/wp-json\/wp\/v2\/product_tag?post=71193"}],"curies":[{"name":"wp","href":"https:\/\/api.w.org\/{rel}","templated":true}]}}