{"id":68105,"date":"2023-03-22T02:31:21","date_gmt":"2023-03-22T01:31:21","guid":{"rendered":"https:\/\/szoltandfrog.com\/?product=t-shirt-merse"},"modified":"2024-02-25T19:59:17","modified_gmt":"2024-02-25T18:59:17","slug":"t-shirt-merse","status":"publish","type":"product","link":"https:\/\/szoltandfrog.com\/fr\/ropa-fr\/t-shirts-a-pochettes\/t-shirt-merse\/","title":{"rendered":"T-shirt Merse"},"content":{"rendered":"","protected":false},"excerpt":{"rendered":"<p>Nous lan\u00e7ons notre collection printemps-\u00e9t\u00e9 2023 avec une couleur que vous aviez beaucoup demand\u00e9e sur RRSS.<\/p>\n<p>Oui !!! Nous avons ici le T-shirt Merse orange, en 100% coton biologique de 170 gr et poche g\u00e9om\u00e9trique multicolore en tissu ethnique qui, nous en sommes s\u00fbrs, deviendra un basique de votre garde-robe.<\/p>\n<p>Comme pour le reste de nos nouveaux mod\u00e8les, nous voulons rendre notre marque plus visible que jamais et vous pourrez montrer notre logo brod\u00e9 sur la poche de poitrine.<\/p>\n<p>Conception unisexe pour les femmes et les hommes ! Coupe r\u00e9guli\u00e8re ; V\u00e9rifiez votre taille dans le guide que nous avons pr\u00e9par\u00e9 en cliquant <a href=\"https:\/\/szoltandfrog.com\/guia-de-tallas\/\">ici<\/a>!<\/p>\n","protected":false},"featured_media":80135,"template":"","meta":[],"product_cat":[5259],"product_tag":[5173,5175,5180,5174],"class_list":{"0":"post-68105","1":"product","2":"type-product","3":"status-publish","4":"has-post-thumbnail","6":"product_cat-sans-categorie","7":"product_tag-adultes","8":"product_tag-poche","9":"product_tag-t-shirts-fr","10":"product_tag-unisexe","12":"first","13":"outofstock","14":"taxable","15":"shipping-taxable","16":"product-type-variable","17":"has-default-attributes","18":"wvs-archive-product-wrapper"},"_links":{"self":[{"href":"https:\/\/szoltandfrog.com\/fr\/wp-json\/wp\/v2\/product\/68105","targetHints":{"allow":["GET"]}}],"collection":[{"href":"https:\/\/szoltandfrog.com\/fr\/wp-json\/wp\/v2\/product"}],"about":[{"href":"https:\/\/szoltandfrog.com\/fr\/wp-json\/wp\/v2\/types\/product"}],"version-history":[{"count":0,"href":"https:\/\/szoltandfrog.com\/fr\/wp-json\/wp\/v2\/product\/68105\/revisions"}],"wp:featuredmedia":[{"embeddable":true,"href":"https:\/\/szoltandfrog.com\/fr\/wp-json\/wp\/v2\/media\/80135"}],"wp:attachment":[{"href":"https:\/\/szoltandfrog.com\/fr\/wp-json\/wp\/v2\/media?parent=68105"}],"wp:term":[{"taxonomy":"product_cat","embeddable":true,"href":"https:\/\/szoltandfrog.com\/fr\/wp-json\/wp\/v2\/product_cat?post=68105"},{"taxonomy":"product_tag","embeddable":true,"href":"https:\/\/szoltandfrog.com\/fr\/wp-json\/wp\/v2\/product_tag?post=68105"}],"curies":[{"name":"wp","href":"https:\/\/api.w.org\/{rel}","templated":true}]}}