{"id":68082,"date":"2023-03-23T01:13:33","date_gmt":"2023-03-23T00:13:32","guid":{"rendered":"https:\/\/szoltandfrog.com\/?product=pole-poipu"},"modified":"2024-07-04T09:32:47","modified_gmt":"2024-07-04T07:32:47","slug":"pole-poipu","status":"publish","type":"product","link":"https:\/\/szoltandfrog.com\/fr\/ropa-fr\/poles\/pole-poipu\/","title":{"rendered":"P\u00f4le Poipu"},"content":{"rendered":"","protected":false},"excerpt":{"rendered":"<p>Nous avons commenc\u00e9 par les t-shirts, puis les sweatshirts et nous lan\u00e7ons maintenant notre collection de polos \u00e0 poches.<\/p>\n<p>Dans ce cas, il s&rsquo;agit d&rsquo;un polo gris avec une poche g\u00e9om\u00e9trique.<\/p>\n<p>Tissu piqu\u00e9 100% coton biologique avec poches de tissus ethniques du monde entier<\/p>\n<p>Cette fois-ci, nous voulions que notre marque soit plus claire que jamais et nous avons brod\u00e9 notre tente caract\u00e9ristique dans chacune des poches.<\/p>\n<p>Mod\u00e8les unisexes : tout pour tous ! V\u00e9rifiez votre taille \u00e0 l&rsquo;aide des mesures indiqu\u00e9es sur l&rsquo;image !<\/p>\n","protected":false},"featured_media":66998,"template":"","meta":[],"product_cat":[4917,5039],"product_tag":[],"class_list":{"0":"post-68082","1":"product","2":"type-product","3":"status-publish","4":"has-post-thumbnail","6":"product_cat-ropa-fr","7":"product_cat-poles","9":"first","10":"instock","11":"taxable","12":"shipping-taxable","13":"purchasable","14":"product-type-variable","15":"wvs-archive-product-wrapper"},"_links":{"self":[{"href":"https:\/\/szoltandfrog.com\/fr\/wp-json\/wp\/v2\/product\/68082","targetHints":{"allow":["GET"]}}],"collection":[{"href":"https:\/\/szoltandfrog.com\/fr\/wp-json\/wp\/v2\/product"}],"about":[{"href":"https:\/\/szoltandfrog.com\/fr\/wp-json\/wp\/v2\/types\/product"}],"version-history":[{"count":0,"href":"https:\/\/szoltandfrog.com\/fr\/wp-json\/wp\/v2\/product\/68082\/revisions"}],"wp:featuredmedia":[{"embeddable":true,"href":"https:\/\/szoltandfrog.com\/fr\/wp-json\/wp\/v2\/media\/66998"}],"wp:attachment":[{"href":"https:\/\/szoltandfrog.com\/fr\/wp-json\/wp\/v2\/media?parent=68082"}],"wp:term":[{"taxonomy":"product_cat","embeddable":true,"href":"https:\/\/szoltandfrog.com\/fr\/wp-json\/wp\/v2\/product_cat?post=68082"},{"taxonomy":"product_tag","embeddable":true,"href":"https:\/\/szoltandfrog.com\/fr\/wp-json\/wp\/v2\/product_tag?post=68082"}],"curies":[{"name":"wp","href":"https:\/\/api.w.org\/{rel}","templated":true}]}}