{"id":68080,"date":"2023-03-23T01:21:15","date_gmt":"2023-03-23T00:21:15","guid":{"rendered":"https:\/\/szoltandfrog.com\/?product=polo-kailua"},"modified":"2024-02-04T19:55:47","modified_gmt":"2024-02-04T18:55:47","slug":"polo-kailua","status":"publish","type":"product","link":"https:\/\/szoltandfrog.com\/fr\/ropa-fr\/poles\/polo-kailua\/","title":{"rendered":"Polo Kailua"},"content":{"rendered":"","protected":false},"excerpt":{"rendered":"<p>Nous avons commenc\u00e9 par des T-shirts, puis des sweatshirts et nous lan\u00e7ons maintenant notre collection de polos \u00e0 poches.<\/p>\n<p>Dans ce cas, nous avons une finition polo bleue avec une poche g\u00e9om\u00e9trique.<\/p>\n<p>Tissu piqu\u00e9 en 100% coton biologique et poches fabriqu\u00e9es avec des tissus du monde entier.<\/p>\n<p>Cette fois-ci, nous avons voulu marquer notre empreinte plus clairement que jamais et nous avons brod\u00e9 notre signature sur chacune des poches.<\/p>\n<p>Mod\u00e8les unisexes : tout pour tous ! V\u00e9rifiez votre taille \u00e0 l&rsquo;aide des mesures indiqu\u00e9es sur l&rsquo;image !<\/p>\n","protected":false},"featured_media":66977,"template":"","meta":[],"product_cat":[4917,5039],"product_tag":[],"class_list":{"0":"post-68080","1":"product","2":"type-product","3":"status-publish","4":"has-post-thumbnail","6":"product_cat-ropa-fr","7":"product_cat-poles","9":"first","10":"instock","11":"taxable","12":"shipping-taxable","13":"purchasable","14":"product-type-variable","15":"wvs-archive-product-wrapper"},"_links":{"self":[{"href":"https:\/\/szoltandfrog.com\/fr\/wp-json\/wp\/v2\/product\/68080","targetHints":{"allow":["GET"]}}],"collection":[{"href":"https:\/\/szoltandfrog.com\/fr\/wp-json\/wp\/v2\/product"}],"about":[{"href":"https:\/\/szoltandfrog.com\/fr\/wp-json\/wp\/v2\/types\/product"}],"version-history":[{"count":0,"href":"https:\/\/szoltandfrog.com\/fr\/wp-json\/wp\/v2\/product\/68080\/revisions"}],"wp:featuredmedia":[{"embeddable":true,"href":"https:\/\/szoltandfrog.com\/fr\/wp-json\/wp\/v2\/media\/66977"}],"wp:attachment":[{"href":"https:\/\/szoltandfrog.com\/fr\/wp-json\/wp\/v2\/media?parent=68080"}],"wp:term":[{"taxonomy":"product_cat","embeddable":true,"href":"https:\/\/szoltandfrog.com\/fr\/wp-json\/wp\/v2\/product_cat?post=68080"},{"taxonomy":"product_tag","embeddable":true,"href":"https:\/\/szoltandfrog.com\/fr\/wp-json\/wp\/v2\/product_tag?post=68080"}],"curies":[{"name":"wp","href":"https:\/\/api.w.org\/{rel}","templated":true}]}}