{"id":68059,"date":"2023-09-04T16:40:40","date_gmt":"2023-09-04T14:40:40","guid":{"rendered":"https:\/\/szoltandfrog.com\/?product=sweat-rigi"},"modified":"2024-02-25T22:30:43","modified_gmt":"2024-02-25T21:30:43","slug":"sweat-rigi","status":"publish","type":"product","link":"https:\/\/szoltandfrog.com\/fr\/ropa-fr\/sudadera-fr\/sweat-rigi\/","title":{"rendered":"Sweat Rigi"},"content":{"rendered":"","protected":false},"excerpt":{"rendered":"<p>Comme l&rsquo;automne dernier, nous donnons le coup d&rsquo;envoi de notre saison AW23 de sweatshirts \u00e0 poches.<\/p>\n<p>Dans ce cas, nous avons un sweat-shirt rose avec une poche g\u00e9om\u00e9trique.<\/p>\n<p>Combinaison de coton 100% biologique de premi\u00e8re qualit\u00e9 (310 gr) et de poches fabriqu\u00e9es avec des tissus du monde entier.<\/p>\n<p>Cette fois-ci, nous avons voulu marquer notre empreinte plus clairement que jamais et nous avons brod\u00e9 notre signature sur chacune des poches.<\/p>\n<p>Mod\u00e8les unisexes : tout pour tous ! V\u00e9rifiez votre taille avec notre guide des tailles <a href=\"https:\/\/szoltandfrog.com\/guia-de-tallas\/\">ici<\/a>!<\/p>\n","protected":false},"featured_media":80081,"template":"","meta":[],"product_cat":[4917,4918],"product_tag":[5173,5175,5176,5174],"class_list":{"0":"post-68059","1":"product","2":"type-product","3":"status-publish","4":"has-post-thumbnail","6":"product_cat-ropa-fr","7":"product_cat-sudadera-fr","8":"product_tag-adultes","9":"product_tag-poche","10":"product_tag-sweatshirts-fr","11":"product_tag-unisexe","13":"first","14":"instock","15":"featured","16":"taxable","17":"shipping-taxable","18":"purchasable","19":"product-type-variable","20":"has-default-attributes","21":"wvs-archive-product-wrapper"},"_links":{"self":[{"href":"https:\/\/szoltandfrog.com\/fr\/wp-json\/wp\/v2\/product\/68059","targetHints":{"allow":["GET"]}}],"collection":[{"href":"https:\/\/szoltandfrog.com\/fr\/wp-json\/wp\/v2\/product"}],"about":[{"href":"https:\/\/szoltandfrog.com\/fr\/wp-json\/wp\/v2\/types\/product"}],"version-history":[{"count":0,"href":"https:\/\/szoltandfrog.com\/fr\/wp-json\/wp\/v2\/product\/68059\/revisions"}],"wp:featuredmedia":[{"embeddable":true,"href":"https:\/\/szoltandfrog.com\/fr\/wp-json\/wp\/v2\/media\/80081"}],"wp:attachment":[{"href":"https:\/\/szoltandfrog.com\/fr\/wp-json\/wp\/v2\/media?parent=68059"}],"wp:term":[{"taxonomy":"product_cat","embeddable":true,"href":"https:\/\/szoltandfrog.com\/fr\/wp-json\/wp\/v2\/product_cat?post=68059"},{"taxonomy":"product_tag","embeddable":true,"href":"https:\/\/szoltandfrog.com\/fr\/wp-json\/wp\/v2\/product_tag?post=68059"}],"curies":[{"name":"wp","href":"https:\/\/api.w.org\/{rel}","templated":true}]}}