{"id":68050,"date":"2023-09-04T16:51:29","date_gmt":"2023-09-04T14:51:29","guid":{"rendered":"https:\/\/szoltandfrog.com\/?product=sweatshirt-koti"},"modified":"2024-01-31T14:03:53","modified_gmt":"2024-01-31T13:03:53","slug":"sweatshirt-koti","status":"publish","type":"product","link":"https:\/\/szoltandfrog.com\/fr\/ropa-fr\/sudadera-fr\/sweatshirt-koti\/","title":{"rendered":"Sweatshirt Koti"},"content":{"rendered":"","protected":false},"excerpt":{"rendered":"<p>Comme l&rsquo;automne dernier, nous donnons le coup d&rsquo;envoi de notre saison AW23 de sweats \u00e0 capuche avec poches.Dans ce cas, nous avons un sweat \u00e0 capuche en finition noire avec poche g\u00e9om\u00e9trique et capuche.Combinaison 100% coton biologique premium (310 gr) et poches fabriqu\u00e9es avec des tissus du monde entier.Cette fois, nous avons voulu rendre notre marque plus claire que jamais et avons brod\u00e9 notre tente caract\u00e9ristique sur chacune des poches.Mod\u00e8les unisexes : Tout pour tout le monde ! V\u00e9rifiez votre taille avec notre guide des tailles <a href=\"https:\/\/szoltandfrog.com\/guia-de-tallas\/\">ici<\/a>!<\/p>\n","protected":false},"featured_media":80057,"template":"","meta":[],"product_cat":[4917,4918],"product_tag":[5173,5175,5176,5174],"class_list":{"0":"post-68050","1":"product","2":"type-product","3":"status-publish","4":"has-post-thumbnail","6":"product_cat-ropa-fr","7":"product_cat-sudadera-fr","8":"product_tag-adultes","9":"product_tag-poche","10":"product_tag-sweatshirts-fr","11":"product_tag-unisexe","13":"first","14":"instock","15":"taxable","16":"shipping-taxable","17":"purchasable","18":"product-type-variable","19":"has-default-attributes","20":"wvs-archive-product-wrapper"},"_links":{"self":[{"href":"https:\/\/szoltandfrog.com\/fr\/wp-json\/wp\/v2\/product\/68050","targetHints":{"allow":["GET"]}}],"collection":[{"href":"https:\/\/szoltandfrog.com\/fr\/wp-json\/wp\/v2\/product"}],"about":[{"href":"https:\/\/szoltandfrog.com\/fr\/wp-json\/wp\/v2\/types\/product"}],"version-history":[{"count":0,"href":"https:\/\/szoltandfrog.com\/fr\/wp-json\/wp\/v2\/product\/68050\/revisions"}],"wp:featuredmedia":[{"embeddable":true,"href":"https:\/\/szoltandfrog.com\/fr\/wp-json\/wp\/v2\/media\/80057"}],"wp:attachment":[{"href":"https:\/\/szoltandfrog.com\/fr\/wp-json\/wp\/v2\/media?parent=68050"}],"wp:term":[{"taxonomy":"product_cat","embeddable":true,"href":"https:\/\/szoltandfrog.com\/fr\/wp-json\/wp\/v2\/product_cat?post=68050"},{"taxonomy":"product_tag","embeddable":true,"href":"https:\/\/szoltandfrog.com\/fr\/wp-json\/wp\/v2\/product_tag?post=68050"}],"curies":[{"name":"wp","href":"https:\/\/api.w.org\/{rel}","templated":true}]}}