{"id":68020,"date":"2023-09-27T14:22:26","date_gmt":"2023-09-27T12:22:26","guid":{"rendered":"https:\/\/szoltandfrog.com\/?product=sweat-giulia"},"modified":"2025-06-11T21:18:13","modified_gmt":"2025-06-11T19:18:13","slug":"sweat-giulia","status":"publish","type":"product","link":"https:\/\/szoltandfrog.com\/fr\/ropa-fr\/sudadera-fr\/sweat-giulia\/","title":{"rendered":"Sweat Giulia"},"content":{"rendered":"","protected":false},"excerpt":{"rendered":"<p>Comme l&rsquo;automne dernier, nous commen\u00e7ons notre saison AW23 de sweatshirts avec poches.Dans ce cas, nous avons une finition bleu fonc\u00e9 d&rsquo;un sweat-shirt avec une poche g\u00e9om\u00e9trique.Combinaison de coton 100% biologique de premi\u00e8re qualit\u00e9 (310 gr) et de poches fabriqu\u00e9es avec des tissus du monde entier.Cette fois, nous avons voulu rendre notre marque plus claire que jamais et nous avons brod\u00e9 notre tente caract\u00e9ristique sur chacune des poches.Mod\u00e8les unisexes : tout pour tout le monde ! V\u00e9rifiez votre taille avec notre guide des tailles ici !<\/p>\n","protected":false},"featured_media":80039,"template":"","meta":[],"product_cat":[4917,4918],"product_tag":[5173,5176,5174],"class_list":{"0":"post-68020","1":"product","2":"type-product","3":"status-publish","4":"has-post-thumbnail","6":"product_cat-ropa-fr","7":"product_cat-sudadera-fr","8":"product_tag-adultes","9":"product_tag-sweatshirts-fr","10":"product_tag-unisexe","12":"first","13":"instock","14":"featured","15":"taxable","16":"shipping-taxable","17":"purchasable","18":"product-type-variable","19":"has-default-attributes","20":"wvs-archive-product-wrapper"},"_links":{"self":[{"href":"https:\/\/szoltandfrog.com\/fr\/wp-json\/wp\/v2\/product\/68020","targetHints":{"allow":["GET"]}}],"collection":[{"href":"https:\/\/szoltandfrog.com\/fr\/wp-json\/wp\/v2\/product"}],"about":[{"href":"https:\/\/szoltandfrog.com\/fr\/wp-json\/wp\/v2\/types\/product"}],"version-history":[{"count":0,"href":"https:\/\/szoltandfrog.com\/fr\/wp-json\/wp\/v2\/product\/68020\/revisions"}],"wp:featuredmedia":[{"embeddable":true,"href":"https:\/\/szoltandfrog.com\/fr\/wp-json\/wp\/v2\/media\/80039"}],"wp:attachment":[{"href":"https:\/\/szoltandfrog.com\/fr\/wp-json\/wp\/v2\/media?parent=68020"}],"wp:term":[{"taxonomy":"product_cat","embeddable":true,"href":"https:\/\/szoltandfrog.com\/fr\/wp-json\/wp\/v2\/product_cat?post=68020"},{"taxonomy":"product_tag","embeddable":true,"href":"https:\/\/szoltandfrog.com\/fr\/wp-json\/wp\/v2\/product_tag?post=68020"}],"curies":[{"name":"wp","href":"https:\/\/api.w.org\/{rel}","templated":true}]}}