{"id":68008,"date":"2024-01-02T12:04:35","date_gmt":"2024-01-02T11:04:35","guid":{"rendered":"https:\/\/szoltandfrog.com\/?product=chaussettes-de-neige-de-noel-femmes"},"modified":"2024-01-02T12:04:35","modified_gmt":"2024-01-02T11:04:35","slug":"chaussettes-de-neige-de-noel-femmes","status":"publish","type":"product","link":"https:\/\/szoltandfrog.com\/fr\/complements-fr-2\/chaussettes\/chaussettes-de-neige-de-noel-femmes\/","title":{"rendered":"Chaussettes de neige de No\u00ebl &#8211; Femmes"},"content":{"rendered":"","protected":false},"excerpt":{"rendered":"<p>Tailles 36-39Des chaussettes de No\u00ebl amusantes avec des motifs originaux et modernes, avec le sceau Sz\u00f6lt&amp;Frog.con\u00e7ues en Espagne et produites par nos voisins au Portugal.cette fois-ci, nous avons des chaussettes avec des flocons de neige rouges.commencez \u00e0 cr\u00e9er une tendance avec vos pieds&#8230;- Chaussettes mi-mollet- Fabriqu\u00e9es au Portugal- 80% coton, 18% Polyamide, 2% Spandex<\/p>\n","protected":false},"featured_media":58739,"template":"","meta":[],"product_cat":[4940,4917,5156],"product_tag":[],"class_list":{"0":"post-68008","1":"product","2":"type-product","3":"status-publish","4":"has-post-thumbnail","6":"product_cat-chaussettes","7":"product_cat-ropa-fr","8":"product_cat-sortie","10":"first","11":"instock","12":"taxable","13":"shipping-taxable","14":"purchasable","15":"product-type-simple"},"_links":{"self":[{"href":"https:\/\/szoltandfrog.com\/fr\/wp-json\/wp\/v2\/product\/68008","targetHints":{"allow":["GET"]}}],"collection":[{"href":"https:\/\/szoltandfrog.com\/fr\/wp-json\/wp\/v2\/product"}],"about":[{"href":"https:\/\/szoltandfrog.com\/fr\/wp-json\/wp\/v2\/types\/product"}],"version-history":[{"count":0,"href":"https:\/\/szoltandfrog.com\/fr\/wp-json\/wp\/v2\/product\/68008\/revisions"}],"wp:featuredmedia":[{"embeddable":true,"href":"https:\/\/szoltandfrog.com\/fr\/wp-json\/wp\/v2\/media\/58739"}],"wp:attachment":[{"href":"https:\/\/szoltandfrog.com\/fr\/wp-json\/wp\/v2\/media?parent=68008"}],"wp:term":[{"taxonomy":"product_cat","embeddable":true,"href":"https:\/\/szoltandfrog.com\/fr\/wp-json\/wp\/v2\/product_cat?post=68008"},{"taxonomy":"product_tag","embeddable":true,"href":"https:\/\/szoltandfrog.com\/fr\/wp-json\/wp\/v2\/product_tag?post=68008"}],"curies":[{"name":"wp","href":"https:\/\/api.w.org\/{rel}","templated":true}]}}