{"id":68006,"date":"2024-01-03T17:17:59","date_gmt":"2024-01-03T16:17:59","guid":{"rendered":"https:\/\/szoltandfrog.com\/?product=chaussettes-rudders-femmes"},"modified":"2024-01-03T17:17:59","modified_gmt":"2024-01-03T16:17:59","slug":"chaussettes-rudders-femmes","status":"publish","type":"product","link":"https:\/\/szoltandfrog.com\/fr\/complements-fr-2\/chaussettes\/chaussettes-rudders-femmes\/","title":{"rendered":"Chaussettes Rudders &#8211; Femmes"},"content":{"rendered":"","protected":false},"excerpt":{"rendered":"<p>Tailles 36-39Des chaussettes amusantes au design original et moderne, avec le sceau Sz\u00f6lt&amp;Frog.con\u00e7ues en Espagne et produites par nos voisins au Portugal.cette fois-ci, nous avons des chaussettes \u00e0 safran jaune pour femmes.commencez \u00e0 cr\u00e9er une tendance avec vos pieds&#8230;- Chaussettes mi-mollet- Fabriqu\u00e9es au Portugal- 80% coton, 18% Polyamide, 2% Spandex<\/p>\n","protected":false},"featured_media":58466,"template":"","meta":[],"product_cat":[4940,4917,5156],"product_tag":[],"class_list":{"0":"post-68006","1":"product","2":"type-product","3":"status-publish","4":"has-post-thumbnail","6":"product_cat-chaussettes","7":"product_cat-ropa-fr","8":"product_cat-sortie","10":"first","11":"instock","12":"taxable","13":"shipping-taxable","14":"purchasable","15":"product-type-simple"},"_links":{"self":[{"href":"https:\/\/szoltandfrog.com\/fr\/wp-json\/wp\/v2\/product\/68006","targetHints":{"allow":["GET"]}}],"collection":[{"href":"https:\/\/szoltandfrog.com\/fr\/wp-json\/wp\/v2\/product"}],"about":[{"href":"https:\/\/szoltandfrog.com\/fr\/wp-json\/wp\/v2\/types\/product"}],"version-history":[{"count":0,"href":"https:\/\/szoltandfrog.com\/fr\/wp-json\/wp\/v2\/product\/68006\/revisions"}],"wp:featuredmedia":[{"embeddable":true,"href":"https:\/\/szoltandfrog.com\/fr\/wp-json\/wp\/v2\/media\/58466"}],"wp:attachment":[{"href":"https:\/\/szoltandfrog.com\/fr\/wp-json\/wp\/v2\/media?parent=68006"}],"wp:term":[{"taxonomy":"product_cat","embeddable":true,"href":"https:\/\/szoltandfrog.com\/fr\/wp-json\/wp\/v2\/product_cat?post=68006"},{"taxonomy":"product_tag","embeddable":true,"href":"https:\/\/szoltandfrog.com\/fr\/wp-json\/wp\/v2\/product_tag?post=68006"}],"curies":[{"name":"wp","href":"https:\/\/api.w.org\/{rel}","templated":true}]}}