{"id":90142,"date":"2025-11-23T17:35:06","date_gmt":"2025-11-23T16:35:06","guid":{"rendered":"https:\/\/szoltandfrog.com\/producto\/sin%20categor\u00eda\/camiseta-bolsillo-cans-2\/"},"modified":"2026-04-03T23:08:48","modified_gmt":"2026-04-03T21:08:48","slug":"camiseta-bolsillo-cans-2","status":"publish","type":"product","link":"https:\/\/szoltandfrog.com\/camiseta-bolsillo-cans-2\/","title":{"rendered":"Sudadera Cans"},"content":{"rendered":"","protected":false},"excerpt":{"rendered":"<p>Con ellas empez\u00f3 todo! La sexta colecci\u00f3n de nuestras exitosas camisetas de bolsillos.<\/p>\n<p>En este caso tenemos un dise\u00f1o exclusivo Cans con acabado en white y bolsillo \u00fanico.<\/p>\n<p>Algod\u00f3n Org\u00e1nico 100% GOTS (Global Organic Textil Standard) de 170 gr y bolsillos hechos con telas de todos los lugares del mundo.<\/p>\n<p>Esta vez hemos querido dejar nuestra marca m\u00e1s clara que nunca y hemos bordado nuestra caracter\u00edstica tienda de campa\u00f1a en cada uno de los bolsillos.<\/p>\n<p>Dise\u00f1os unisex: Todo para Todos! Corte regular fit; Comprueba tu talla con nuestra gu\u00eda de tallas <a href=\"https:\/\/szoltandfrog.com\/guia-de-tallas\/\">aqu\u00ed<\/a>!<\/p>\n<p>Dise\u00f1ada en Espa\u00f1a y fabricadas en nuestra vecina Portugal!<\/p>\n","protected":false},"featured_media":90434,"template":"","meta":[],"product_cat":[5548,5550,271,661],"product_tag":[],"class_list":{"0":"post-90142","1":"product","2":"type-product","3":"status-publish","4":"has-post-thumbnail","6":"product_cat-aw25","7":"product_cat-camisetas","8":"product_cat-ropa","9":"product_cat-camisetas-con-bolsillo","11":"first","12":"instock","13":"featured","14":"taxable","15":"shipping-taxable","16":"purchasable","17":"product-type-variable","18":"has-default-attributes","19":"wvs-archive-product-wrapper"},"_links":{"self":[{"href":"https:\/\/szoltandfrog.com\/en\/wp-json\/wp\/v2\/product\/90142","targetHints":{"allow":["GET"]}}],"collection":[{"href":"https:\/\/szoltandfrog.com\/en\/wp-json\/wp\/v2\/product"}],"about":[{"href":"https:\/\/szoltandfrog.com\/en\/wp-json\/wp\/v2\/types\/product"}],"version-history":[{"count":3,"href":"https:\/\/szoltandfrog.com\/en\/wp-json\/wp\/v2\/product\/90142\/revisions"}],"predecessor-version":[{"id":90496,"href":"https:\/\/szoltandfrog.com\/en\/wp-json\/wp\/v2\/product\/90142\/revisions\/90496"}],"wp:featuredmedia":[{"embeddable":true,"href":"https:\/\/szoltandfrog.com\/en\/wp-json\/wp\/v2\/media\/90434"}],"wp:attachment":[{"href":"https:\/\/szoltandfrog.com\/en\/wp-json\/wp\/v2\/media?parent=90142"}],"wp:term":[{"taxonomy":"product_cat","embeddable":true,"href":"https:\/\/szoltandfrog.com\/en\/wp-json\/wp\/v2\/product_cat?post=90142"},{"taxonomy":"product_tag","embeddable":true,"href":"https:\/\/szoltandfrog.com\/en\/wp-json\/wp\/v2\/product_tag?post=90142"}],"curies":[{"name":"wp","href":"https:\/\/api.w.org\/{rel}","templated":true}]}}