{"id":68283,"date":"2021-05-20T22:38:34","date_gmt":"2021-05-20T20:38:34","guid":{"rendered":"https:\/\/szoltandfrog.com\/shop\/uncategorized\/sudadera-hesse-kids\/"},"modified":"2024-07-04T09:41:06","modified_gmt":"2024-07-04T07:41:06","slug":"sudadera-hesse-kids","status":"publish","type":"product","link":"https:\/\/szoltandfrog.com\/en\/clothing\/sudadera-hesse-kids\/","title":{"rendered":"Sudadera Hesse Kids"},"content":{"rendered":"","protected":false},"excerpt":{"rendered":"<p>Many of you were crying out for it, T-shirts and sweatshirts to go Fathers and Mothers to match the children.<\/p>\n<p>Well, we welcome the first collection of Sz\u00f6lt &amp; Frog Kids for the little ones of the family.<\/p>\n<p>Con toda la identidad de nuestros grandes \u00e9xitos, pero adaptados a los m\u00e1s peque\u00f1os y con nuestro nuevo Logo Kids.<\/p>\n<p>La sudadera Hesse Kids, al igual que su hermana mayor <strong><u><a href=\"https:\/\/szoltandfrog.com\/comprar\/sudadera-hesse\/\">Hesse<\/a><\/u><\/strong>, est\u00e1 confeccionada en combinaci\u00f3n al 75% Algod\u00f3n de primera calidad con 25% Poliester (310 gr) y bolsillos hechos con telas de todos los lugares del mundocon nuestro logo bordado en el pecho.<\/p>\n<p>As we know that it is often difficult to get the sizes of the little ones right, we have left you a size guide <strong><u><a href=\"https:\/\/szoltandfrog.com\/guia-de-tallas\/\">here<\/a><\/u><\/strong>with the exact measurements and an approximate height of the child!<\/p>\n<p>Ante la duda os recomendamos medir una de las sudaderas que ya teng\u00e1is y si os equivoc\u00e1is o no lo queda bien no os preocup\u00e9is, ya que el primer cambio de talla es totalmente gratuito para vosotros.<\/p>\n<p>Following European textile regulations for minors, sizes 4-5 and 6-7 will not have drawstrings on the hood to avoid accidents.<\/p>\n<p>Designed in Spain and manufactured in our neighbor Portugal!<\/p>\n","protected":false},"featured_media":80020,"template":"","meta":[],"product_cat":[4931,5131,4988,5133],"product_tag":[5132,5115,5121,5113],"class_list":{"0":"post-68283","1":"product","2":"type-product","3":"status-publish","4":"has-post-thumbnail","6":"product_cat-clothing","7":"product_cat-kids-en","8":"product_cat-sweatshirts","9":"product_cat-outlet-en-2","10":"product_tag-kids-en","11":"product_tag-pocket","12":"product_tag-sweatshirts","13":"product_tag-unisex-en","15":"first","16":"instock","17":"taxable","18":"shipping-taxable","19":"product-type-variable","20":"wvs-archive-product-wrapper"},"_links":{"self":[{"href":"https:\/\/szoltandfrog.com\/en\/wp-json\/wp\/v2\/product\/68283","targetHints":{"allow":["GET"]}}],"collection":[{"href":"https:\/\/szoltandfrog.com\/en\/wp-json\/wp\/v2\/product"}],"about":[{"href":"https:\/\/szoltandfrog.com\/en\/wp-json\/wp\/v2\/types\/product"}],"version-history":[{"count":0,"href":"https:\/\/szoltandfrog.com\/en\/wp-json\/wp\/v2\/product\/68283\/revisions"}],"wp:featuredmedia":[{"embeddable":true,"href":"https:\/\/szoltandfrog.com\/en\/wp-json\/wp\/v2\/media\/80020"}],"wp:attachment":[{"href":"https:\/\/szoltandfrog.com\/en\/wp-json\/wp\/v2\/media?parent=68283"}],"wp:term":[{"taxonomy":"product_cat","embeddable":true,"href":"https:\/\/szoltandfrog.com\/en\/wp-json\/wp\/v2\/product_cat?post=68283"},{"taxonomy":"product_tag","embeddable":true,"href":"https:\/\/szoltandfrog.com\/en\/wp-json\/wp\/v2\/product_tag?post=68283"}],"curies":[{"name":"wp","href":"https:\/\/api.w.org\/{rel}","templated":true}]}}