{"id":90512,"date":"2025-11-23T17:35:12","date_gmt":"2025-11-30T16:49:50","guid":{"rendered":"https:\/\/szoltandfrog.com\/producto\/unkategorisiert\/nerga-t-shirt\/"},"modified":"2025-11-30T17:49:50","modified_gmt":"2025-11-30T16:49:50","slug":"nerga-t-shirt","status":"publish","type":"product","link":"https:\/\/szoltandfrog.com\/de\/kleidung\/t-shirts-mit-taschen\/nerga-t-shirt\/","title":{"rendered":"Nerga-T-Shirt"},"content":{"rendered":"","protected":false},"excerpt":{"rendered":"<p>Mit ihnen begann alles! Die neunte Kollektion unserer erfolgreichen Taschen-T-Shirts.<\/p>\n<p>In diesem Fall handelt es sich um ein exklusives Nerga-Design mit grauem Melange-Finish und einer einzigen Tasche.<\/p>\n<p>100% GOTS (Global Organic Textile Standard) Bio-Baumwolle 170 gr und Taschen aus Stoffen aus der ganzen Welt.<\/p>\n<p>Dieses Mal wollten wir unser Zeichen deutlicher denn je setzen und haben unser charakteristisches Zelt auf jede der Taschen gestickt.<\/p>\n<p>Unisex-Designs: Alles f\u00fcr jeden! Normale Passform; Pr\u00fcfen Sie Ihre Gr\u00f6\u00dfe mit unserer Gr\u00f6\u00dfentabelle <a href=\"https:\/\/szoltandfrog.com\/guia-de-tallas\/\">hier<\/a>!<\/p>\n<p>In Spanien entworfen und in unserem Nachbarland Portugal hergestellt!<\/p>\n","protected":false},"featured_media":90326,"template":"","meta":[],"product_cat":[5551,5552,4945,5116],"product_tag":[],"class_list":{"0":"post-90512","1":"product","2":"type-product","3":"status-publish","4":"has-post-thumbnail","6":"product_cat-aw25-de","7":"product_cat-t-shirts","8":"product_cat-kleidung","9":"product_cat-t-shirts-mit-taschen","11":"first","12":"instock","13":"featured","14":"taxable","15":"shipping-taxable","16":"purchasable","17":"product-type-variable","18":"has-default-attributes","19":"wvs-archive-product-wrapper"},"_links":{"self":[{"href":"https:\/\/szoltandfrog.com\/de\/wp-json\/wp\/v2\/product\/90512","targetHints":{"allow":["GET"]}}],"collection":[{"href":"https:\/\/szoltandfrog.com\/de\/wp-json\/wp\/v2\/product"}],"about":[{"href":"https:\/\/szoltandfrog.com\/de\/wp-json\/wp\/v2\/types\/product"}],"version-history":[{"count":0,"href":"https:\/\/szoltandfrog.com\/de\/wp-json\/wp\/v2\/product\/90512\/revisions"}],"wp:featuredmedia":[{"embeddable":true,"href":"https:\/\/szoltandfrog.com\/de\/wp-json\/wp\/v2\/media\/90326"}],"wp:attachment":[{"href":"https:\/\/szoltandfrog.com\/de\/wp-json\/wp\/v2\/media?parent=90512"}],"wp:term":[{"taxonomy":"product_cat","embeddable":true,"href":"https:\/\/szoltandfrog.com\/de\/wp-json\/wp\/v2\/product_cat?post=90512"},{"taxonomy":"product_tag","embeddable":true,"href":"https:\/\/szoltandfrog.com\/de\/wp-json\/wp\/v2\/product_tag?post=90512"}],"curies":[{"name":"wp","href":"https:\/\/api.w.org\/{rel}","templated":true}]}}