{"id":87791,"date":"2024-09-30T13:25:07","date_gmt":"2024-11-25T18:51:20","guid":{"rendered":"https:\/\/szoltandfrog.com\/producto\/unkategorisiert\/schmetterling-socken-groesse-40-45\/"},"modified":"2024-11-25T19:51:20","modified_gmt":"2024-11-25T18:51:20","slug":"schmetterling-socken-groesse-40-45","status":"publish","type":"product","link":"https:\/\/szoltandfrog.com\/de\/erganzungen\/socken\/schmetterling-socken-groesse-40-45\/","title":{"rendered":"Schmetterling Socken &#8211; Gr\u00f6\u00dfe 40-45"},"content":{"rendered":"<p>Lustige Socken mit originellen und modernen Designs, mit dem Sz\u00f6lt&amp;Frog-Siegel. Entworfen in Spanien und hergestellt von unseren Nachbarn in Portugal. Diesmal haben wir Socken mit Fahrradmotiven f\u00fcr M\u00e4nner. Fangen Sie an, mit Ihren F\u00fc\u00dfen Trends zu kreieren&#8230; &#8211; Halbwadensocken &#8211; Hergestellt in Portugal &#8211; 80% Baumwolle, 18% Polyamid, 2% Elasthan &#8211; Fu\u00dfgr\u00f6\u00dfe 40-45<\/p>\n","protected":false},"excerpt":{"rendered":"<p>Lustige Socken mit originellen und modernen Designs, mit dem Sz\u00f6lt&amp;Frog-Siegel. Entworfen in Spanien und hergestellt von unseren Nachbarn in Portugal. Diesmal haben wir Socken mit Fahrradmotiven f\u00fcr M\u00e4nner. Fangen Sie an, mit Ihren F\u00fc\u00dfen Trends zu kreieren&#8230; &#8211; Halbwadensocken &#8211; Hergestellt in Portugal &#8211; 80% Baumwolle, 18% Polyamid, 2% Elasthan &#8211; Fu\u00dfgr\u00f6\u00dfe 40-45<\/p>\n","protected":false},"featured_media":85255,"template":"","meta":[],"product_cat":[5312,5082,4944],"product_tag":[],"class_list":{"0":"post-87791","1":"product","2":"type-product","3":"status-publish","4":"has-post-thumbnail","6":"product_cat-aw24-de","7":"product_cat-erganzungen","8":"product_cat-socken","10":"first","11":"instock","12":"taxable","13":"shipping-taxable","14":"purchasable","15":"product-type-simple"},"_links":{"self":[{"href":"https:\/\/szoltandfrog.com\/de\/wp-json\/wp\/v2\/product\/87791","targetHints":{"allow":["GET"]}}],"collection":[{"href":"https:\/\/szoltandfrog.com\/de\/wp-json\/wp\/v2\/product"}],"about":[{"href":"https:\/\/szoltandfrog.com\/de\/wp-json\/wp\/v2\/types\/product"}],"version-history":[{"count":0,"href":"https:\/\/szoltandfrog.com\/de\/wp-json\/wp\/v2\/product\/87791\/revisions"}],"wp:featuredmedia":[{"embeddable":true,"href":"https:\/\/szoltandfrog.com\/de\/wp-json\/wp\/v2\/media\/85255"}],"wp:attachment":[{"href":"https:\/\/szoltandfrog.com\/de\/wp-json\/wp\/v2\/media?parent=87791"}],"wp:term":[{"taxonomy":"product_cat","embeddable":true,"href":"https:\/\/szoltandfrog.com\/de\/wp-json\/wp\/v2\/product_cat?post=87791"},{"taxonomy":"product_tag","embeddable":true,"href":"https:\/\/szoltandfrog.com\/de\/wp-json\/wp\/v2\/product_tag?post=87791"}],"curies":[{"name":"wp","href":"https:\/\/api.w.org\/{rel}","templated":true}]}}