{"id":86865,"date":"2024-10-17T22:32:04","date_gmt":"2024-10-24T09:52:12","guid":{"rendered":"https:\/\/szoltandfrog.com\/producto\/unkategorisiert\/hundehalsband-sand\/"},"modified":"2024-10-24T11:52:37","modified_gmt":"2024-10-24T09:52:37","slug":"hundehalsband-sand","status":"publish","type":"product","link":"https:\/\/szoltandfrog.com\/de\/aw24-de\/hundehalsband-sand\/","title":{"rendered":"Hundehalsband Sand"},"content":{"rendered":"<p>Arena Haustierhalsband von Lolo&#8217;s Handgefertigt in Spanien aus hochwertigem Leder. GR\u00d6SSENHINWEIS SIZE XS: &#8211; Mindestens 18,5 cm maximal 28 cm, Halsbandbreite 2cm. GR\u00d6SSE S: &#8211; Mindestens 27,5 cm, maximal 36 cm, Halsbandbreite 2 cm. GR\u00d6SSE M: &#8211; Mindestens 36 cm, maximal 45,5 cm, Kragenweite 3cm. GR\u00d6SSE L: &#8211; Mindestens 44 cm, maximal 53,5 cm, Kragenweite 3,5cm. GR\u00d6SSE XL: &#8211; Mindestens 53,5 cm, maximal 62,5 cm, Kragenweite 3,5cm.<\/p>\n<p>&nbsp;<\/p>\n<p><a href=\"https:\/\/szoltandfrog.com\/wp-content\/uploads\/2024\/10\/perro_medidas.jpeg\"><img decoding=\"async\" class=\"alignnone size-full wp-image-86845\" src=\"https:\/\/szoltandfrog.com\/wp-content\/uploads\/2024\/10\/perro_medidas.jpeg\" alt=\"\" width=\"300\" height=\"208\"><\/a><\/p>\n","protected":false},"excerpt":{"rendered":"<p>Arena Haustierhalsband von Lolo&#8217;s Handgefertigt in Spanien aus hochwertigem Leder. GR\u00d6SSENHINWEIS SIZE XS: &#8211; Mindestens 18,5 cm maximal 28 cm, Halsbandbreite 2cm. GR\u00d6SSE S: &#8211; Mindestens 27,5 cm, maximal 36 cm, Halsbandbreite 2 cm. GR\u00d6SSE M: &#8211; Mindestens 36 cm, maximal 45,5 cm, Kragenweite 3cm. GR\u00d6SSE L: &#8211; Mindestens 44 cm, maximal 53,5 cm, Kragenweite [&hellip;]<\/p>\n","protected":false},"featured_media":86686,"template":"","meta":[],"product_cat":[5312,5320,5082],"product_tag":[],"class_list":{"0":"post-86865","1":"product","2":"type-product","3":"status-publish","4":"has-post-thumbnail","6":"product_cat-aw24-de","7":"product_cat-haustiere","8":"product_cat-erganzungen","10":"first","11":"outofstock","12":"taxable","13":"shipping-taxable","14":"purchasable","15":"product-type-variable","16":"wvs-archive-product-wrapper"},"_links":{"self":[{"href":"https:\/\/szoltandfrog.com\/de\/wp-json\/wp\/v2\/product\/86865","targetHints":{"allow":["GET"]}}],"collection":[{"href":"https:\/\/szoltandfrog.com\/de\/wp-json\/wp\/v2\/product"}],"about":[{"href":"https:\/\/szoltandfrog.com\/de\/wp-json\/wp\/v2\/types\/product"}],"version-history":[{"count":0,"href":"https:\/\/szoltandfrog.com\/de\/wp-json\/wp\/v2\/product\/86865\/revisions"}],"wp:featuredmedia":[{"embeddable":true,"href":"https:\/\/szoltandfrog.com\/de\/wp-json\/wp\/v2\/media\/86686"}],"wp:attachment":[{"href":"https:\/\/szoltandfrog.com\/de\/wp-json\/wp\/v2\/media?parent=86865"}],"wp:term":[{"taxonomy":"product_cat","embeddable":true,"href":"https:\/\/szoltandfrog.com\/de\/wp-json\/wp\/v2\/product_cat?post=86865"},{"taxonomy":"product_tag","embeddable":true,"href":"https:\/\/szoltandfrog.com\/de\/wp-json\/wp\/v2\/product_tag?post=86865"}],"curies":[{"name":"wp","href":"https:\/\/api.w.org\/{rel}","templated":true}]}}