{"id":85611,"date":"2024-09-13T10:12:08","date_gmt":"2024-09-29T17:13:07","guid":{"rendered":"https:\/\/szoltandfrog.com\/producto\/unkategorisiert\/nagoya-kinder-sweatshirt\/"},"modified":"2024-09-29T19:13:07","modified_gmt":"2024-09-29T17:13:07","slug":"nagoya-kinder-sweatshirt","status":"publish","type":"product","link":"https:\/\/szoltandfrog.com\/de\/product\/kleidung\/kinder\/nagoya-kinder-sweatshirt\/","title":{"rendered":"Nagoya Kinder Sweatshirt"},"content":{"rendered":"<p>Sweatshirt f\u00fcr Kinder Made in Portugal &#8211; Sweatshirt mit Tasche &#8211; 100% Bio-Baumwolle &#8211; Gewicht 350 Gramm &#8211; W\u00e4hrend des Herstellungsprozesses gewaschen (um sp\u00e4teres Einlaufen zu vermeiden) &#8211; Unisex<\/p>\n","protected":false},"excerpt":{"rendered":"<p>Sweatshirt f\u00fcr Kinder Made in Portugal &#8211; Sweatshirt mit Tasche &#8211; 100% Bio-Baumwolle &#8211; Gewicht 350 Gramm &#8211; W\u00e4hrend des Herstellungsprozesses gewaschen (um sp\u00e4teres Einlaufen zu vermeiden) &#8211; Unisex<\/p>\n","protected":false},"featured_media":84290,"template":"","meta":[],"product_cat":[5312,4945,5129],"product_tag":[],"class_list":{"0":"post-85611","1":"product","2":"type-product","3":"status-publish","4":"has-post-thumbnail","6":"product_cat-aw24-de","7":"product_cat-kleidung","8":"product_cat-kinder","10":"first","11":"instock","12":"taxable","13":"shipping-taxable","14":"purchasable","15":"product-type-variable","16":"has-default-attributes","17":"wvs-archive-product-wrapper"},"_links":{"self":[{"href":"https:\/\/szoltandfrog.com\/de\/wp-json\/wp\/v2\/product\/85611","targetHints":{"allow":["GET"]}}],"collection":[{"href":"https:\/\/szoltandfrog.com\/de\/wp-json\/wp\/v2\/product"}],"about":[{"href":"https:\/\/szoltandfrog.com\/de\/wp-json\/wp\/v2\/types\/product"}],"version-history":[{"count":0,"href":"https:\/\/szoltandfrog.com\/de\/wp-json\/wp\/v2\/product\/85611\/revisions"}],"wp:featuredmedia":[{"embeddable":true,"href":"https:\/\/szoltandfrog.com\/de\/wp-json\/wp\/v2\/media\/84290"}],"wp:attachment":[{"href":"https:\/\/szoltandfrog.com\/de\/wp-json\/wp\/v2\/media?parent=85611"}],"wp:term":[{"taxonomy":"product_cat","embeddable":true,"href":"https:\/\/szoltandfrog.com\/de\/wp-json\/wp\/v2\/product_cat?post=85611"},{"taxonomy":"product_tag","embeddable":true,"href":"https:\/\/szoltandfrog.com\/de\/wp-json\/wp\/v2\/product_tag?post=85611"}],"curies":[{"name":"wp","href":"https:\/\/api.w.org\/{rel}","templated":true}]}}